{"id":4634,"date":"2024-04-12T20:51:39","date_gmt":"2024-04-12T18:51:39","guid":{"rendered":"https:\/\/maabmakeup.es\/?post_type=product&#038;p=4634"},"modified":"2025-08-08T13:02:00","modified_gmt":"2025-08-08T11:02:00","slug":"pigmento-metalico-azul-profundo","status":"publish","type":"product","link":"https:\/\/maabmakeup.com\/inicio-2\/tienda\/decoracion\/pigmentos\/pigmento-metalico-azul-profundo\/","title":{"rendered":"Pigmento Met\u00e1lico Azul Profundo"},"content":{"rendered":"<p>Pigmento met\u00e1lico para decoraci\u00f3n Nail Art.<\/p>\n","protected":false},"excerpt":{"rendered":"<p>Pigmento met\u00e1lico para decoraci\u00f3n Nail Art.<\/p>\n","protected":false},"featured_media":4635,"comment_status":"open","ping_status":"closed","template":"","meta":[],"product_brand":[213],"product_cat":[84,168],"product_tag":[],"class_list":{"0":"post-4634","1":"product","2":"type-product","3":"status-publish","4":"has-post-thumbnail","6":"product_brand-maabmakeup","7":"product_cat-decoracion","8":"product_cat-pigmentos","10":"first","11":"instock","12":"purchasable","13":"product-type-simple"},"_links":{"self":[{"href":"https:\/\/maabmakeup.com\/inicio-2\/wp-json\/wp\/v2\/product\/4634","targetHints":{"allow":["GET"]}}],"collection":[{"href":"https:\/\/maabmakeup.com\/inicio-2\/wp-json\/wp\/v2\/product"}],"about":[{"href":"https:\/\/maabmakeup.com\/inicio-2\/wp-json\/wp\/v2\/types\/product"}],"replies":[{"embeddable":true,"href":"https:\/\/maabmakeup.com\/inicio-2\/wp-json\/wp\/v2\/comments?post=4634"}],"wp:featuredmedia":[{"embeddable":true,"href":"https:\/\/maabmakeup.com\/inicio-2\/wp-json\/wp\/v2\/media\/4635"}],"wp:attachment":[{"href":"https:\/\/maabmakeup.com\/inicio-2\/wp-json\/wp\/v2\/media?parent=4634"}],"wp:term":[{"taxonomy":"product_brand","embeddable":true,"href":"https:\/\/maabmakeup.com\/inicio-2\/wp-json\/wp\/v2\/product_brand?post=4634"},{"taxonomy":"product_cat","embeddable":true,"href":"https:\/\/maabmakeup.com\/inicio-2\/wp-json\/wp\/v2\/product_cat?post=4634"},{"taxonomy":"product_tag","embeddable":true,"href":"https:\/\/maabmakeup.com\/inicio-2\/wp-json\/wp\/v2\/product_tag?post=4634"}],"curies":[{"name":"wp","href":"https:\/\/api.w.org\/{rel}","templated":true}]}}