{"id":4735,"date":"2024-05-10T17:11:18","date_gmt":"2024-05-10T15:11:18","guid":{"rendered":"https:\/\/maabmakeup.es\/?post_type=product&#038;p=4735"},"modified":"2025-12-10T10:21:49","modified_gmt":"2025-12-10T09:21:49","slug":"base-rubber-cover-super-nude-005-15ml","status":"publish","type":"product","link":"https:\/\/maabmakeup.com\/inicio-2\/tienda\/base\/rigida\/base-rubber-cover-super-nude-005-15ml\/","title":{"rendered":"BASE RUBBER COVER SUPER NUDE 005 15ML"},"content":{"rendered":"<p>Bases de refuerzo para manicura semipermanente, especiales para nivelaci\u00f3n.<\/p>\n<p>Tiene buena pigmentaci\u00f3n y cubren la u\u00f1a natural.<\/p>\n<p>Sirve para u\u00f1as d\u00e9biles y sanas.<\/p>\n<p>Autonivelantes, muy c\u00f3modas de usar en su aplicaci\u00f3n. Bases densas para hacer el refuerzo sin derramarse.<\/p>\n<p>U\u00f1as r\u00edgidas y duran hasta 3-6 semanas.<\/p>\n<p>PH 6,5 bajo acidez<\/p>\n","protected":false},"excerpt":{"rendered":"<p>Bases de refuerzo para manicura semipermanente, especiales para nivelaci\u00f3n. Tiene buena pigmentaci\u00f3n y cubren la u\u00f1a natural. Sirve para u\u00f1as<\/p>\n","protected":false},"featured_media":4736,"comment_status":"open","ping_status":"closed","template":"","meta":[],"product_brand":[209],"product_cat":[36,235],"product_tag":[],"class_list":{"0":"post-4735","1":"product","2":"type-product","3":"status-publish","4":"has-post-thumbnail","6":"product_brand-vivi","7":"product_cat-base","8":"product_cat-rigida","10":"first","11":"instock","12":"purchasable","13":"product-type-simple"},"_links":{"self":[{"href":"https:\/\/maabmakeup.com\/inicio-2\/wp-json\/wp\/v2\/product\/4735","targetHints":{"allow":["GET"]}}],"collection":[{"href":"https:\/\/maabmakeup.com\/inicio-2\/wp-json\/wp\/v2\/product"}],"about":[{"href":"https:\/\/maabmakeup.com\/inicio-2\/wp-json\/wp\/v2\/types\/product"}],"replies":[{"embeddable":true,"href":"https:\/\/maabmakeup.com\/inicio-2\/wp-json\/wp\/v2\/comments?post=4735"}],"wp:featuredmedia":[{"embeddable":true,"href":"https:\/\/maabmakeup.com\/inicio-2\/wp-json\/wp\/v2\/media\/4736"}],"wp:attachment":[{"href":"https:\/\/maabmakeup.com\/inicio-2\/wp-json\/wp\/v2\/media?parent=4735"}],"wp:term":[{"taxonomy":"product_brand","embeddable":true,"href":"https:\/\/maabmakeup.com\/inicio-2\/wp-json\/wp\/v2\/product_brand?post=4735"},{"taxonomy":"product_cat","embeddable":true,"href":"https:\/\/maabmakeup.com\/inicio-2\/wp-json\/wp\/v2\/product_cat?post=4735"},{"taxonomy":"product_tag","embeddable":true,"href":"https:\/\/maabmakeup.com\/inicio-2\/wp-json\/wp\/v2\/product_tag?post=4735"}],"curies":[{"name":"wp","href":"https:\/\/api.w.org\/{rel}","templated":true}]}}