{"id":4743,"date":"2024-05-10T17:27:55","date_gmt":"2024-05-10T15:27:55","guid":{"rendered":"https:\/\/maabmakeup.es\/?post_type=product&#038;p=4743"},"modified":"2025-08-04T09:11:10","modified_gmt":"2025-08-04T07:11:10","slug":"cover-gel-en-bote-07-vivi-base-rigida","status":"publish","type":"product","link":"https:\/\/maabmakeup.com\/inicio-2\/tienda\/base\/rigida\/cover-gel-en-bote-07-vivi-base-rigida\/","title":{"rendered":"COVER GEL EN BOTE 07 VIVI (BASE R\u00cdGIDA)"},"content":{"rendered":"<p>Gel para construcci\u00f3n de u\u00f1as o hacer nivelaci\u00f3n en el esmalte semipermanente, en formato de 15ml.<\/p>\n<p>Es un gel duro de consistencia media, autonivelante para hacer el refuerzo de las u\u00f1as semipermanentes. <\/p>\n<p>Tambi\u00e9n puedes usarlo para el alargamiento y reparaci\u00f3n de las roturas en las esquinas.<\/p>\n<p>Gel muy aconsejable para u\u00f1as sanas, d\u00e9biles, fr\u00e1giles, muy finas.<\/p>\n<p> Este formato est\u00e1 en el bote con brocha<\/p>\n","protected":false},"excerpt":{"rendered":"<p>Gel para construcci\u00f3n de u\u00f1as o hacer nivelaci\u00f3n en el esmalte semipermanente, en formato de 15ml. Es un gel duro<\/p>\n","protected":false},"featured_media":4744,"comment_status":"open","ping_status":"closed","template":"","meta":[],"product_brand":[209],"product_cat":[36,235],"product_tag":[],"class_list":{"0":"post-4743","1":"product","2":"type-product","3":"status-publish","4":"has-post-thumbnail","6":"product_brand-vivi","7":"product_cat-base","8":"product_cat-rigida","10":"first","11":"instock","12":"purchasable","13":"product-type-simple"},"_links":{"self":[{"href":"https:\/\/maabmakeup.com\/inicio-2\/wp-json\/wp\/v2\/product\/4743","targetHints":{"allow":["GET"]}}],"collection":[{"href":"https:\/\/maabmakeup.com\/inicio-2\/wp-json\/wp\/v2\/product"}],"about":[{"href":"https:\/\/maabmakeup.com\/inicio-2\/wp-json\/wp\/v2\/types\/product"}],"replies":[{"embeddable":true,"href":"https:\/\/maabmakeup.com\/inicio-2\/wp-json\/wp\/v2\/comments?post=4743"}],"wp:featuredmedia":[{"embeddable":true,"href":"https:\/\/maabmakeup.com\/inicio-2\/wp-json\/wp\/v2\/media\/4744"}],"wp:attachment":[{"href":"https:\/\/maabmakeup.com\/inicio-2\/wp-json\/wp\/v2\/media?parent=4743"}],"wp:term":[{"taxonomy":"product_brand","embeddable":true,"href":"https:\/\/maabmakeup.com\/inicio-2\/wp-json\/wp\/v2\/product_brand?post=4743"},{"taxonomy":"product_cat","embeddable":true,"href":"https:\/\/maabmakeup.com\/inicio-2\/wp-json\/wp\/v2\/product_cat?post=4743"},{"taxonomy":"product_tag","embeddable":true,"href":"https:\/\/maabmakeup.com\/inicio-2\/wp-json\/wp\/v2\/product_tag?post=4743"}],"curies":[{"name":"wp","href":"https:\/\/api.w.org\/{rel}","templated":true}]}}