{"id":4766,"date":"2024-05-13T18:40:16","date_gmt":"2024-05-13T16:40:16","guid":{"rendered":"https:\/\/maabmakeup.es\/?post_type=product&#038;p=4766"},"modified":"2025-08-08T13:15:04","modified_gmt":"2025-08-08T11:15:04","slug":"liquid-gel-clear-ib-nails-10ml","status":"publish","type":"product","link":"https:\/\/maabmakeup.com\/inicio-2\/tienda\/base\/rigida\/liquid-gel-clear-ib-nails-10ml\/","title":{"rendered":"Liquid Gel CLEAR IB Nails \u2013 10ml"},"content":{"rendered":"<p>Transparente.<\/p>\n<p>Densidad media.<\/p>\n<p>Para alargar y reforzar la u\u00f1a natural.<\/p>\n<p>El recubrimiento \u00abLiquid Gel\u00bb se cre\u00f3 espec\u00edficamente para nivelar la placa de la u\u00f1a y moldear el borde libre, as\u00ed como para fortalecer las u\u00f1as naturales de longitud extrema. \u00abLiquid Gel\u00bb se autonivela perfectamente en la placa de la u\u00f1a y no causa dificultades de uso, es perfecto tanto para profesionales como para principiantes en el servicio de u\u00f1as<\/p>\n","protected":false},"excerpt":{"rendered":"<p>Transparente. Densidad media. Para alargar y reforzar la u\u00f1a natural. El recubrimiento \u00abLiquid Gel\u00bb se cre\u00f3 espec\u00edficamente para nivelar la<\/p>\n","protected":false},"featured_media":4767,"comment_status":"open","ping_status":"closed","template":"","meta":[],"product_brand":[186],"product_cat":[36,235],"product_tag":[],"class_list":{"0":"post-4766","1":"product","2":"type-product","3":"status-publish","4":"has-post-thumbnail","6":"product_brand-illusion-beauty","7":"product_cat-base","8":"product_cat-rigida","10":"first","11":"instock","12":"purchasable","13":"product-type-simple"},"_links":{"self":[{"href":"https:\/\/maabmakeup.com\/inicio-2\/wp-json\/wp\/v2\/product\/4766","targetHints":{"allow":["GET"]}}],"collection":[{"href":"https:\/\/maabmakeup.com\/inicio-2\/wp-json\/wp\/v2\/product"}],"about":[{"href":"https:\/\/maabmakeup.com\/inicio-2\/wp-json\/wp\/v2\/types\/product"}],"replies":[{"embeddable":true,"href":"https:\/\/maabmakeup.com\/inicio-2\/wp-json\/wp\/v2\/comments?post=4766"}],"wp:featuredmedia":[{"embeddable":true,"href":"https:\/\/maabmakeup.com\/inicio-2\/wp-json\/wp\/v2\/media\/4767"}],"wp:attachment":[{"href":"https:\/\/maabmakeup.com\/inicio-2\/wp-json\/wp\/v2\/media?parent=4766"}],"wp:term":[{"taxonomy":"product_brand","embeddable":true,"href":"https:\/\/maabmakeup.com\/inicio-2\/wp-json\/wp\/v2\/product_brand?post=4766"},{"taxonomy":"product_cat","embeddable":true,"href":"https:\/\/maabmakeup.com\/inicio-2\/wp-json\/wp\/v2\/product_cat?post=4766"},{"taxonomy":"product_tag","embeddable":true,"href":"https:\/\/maabmakeup.com\/inicio-2\/wp-json\/wp\/v2\/product_tag?post=4766"}],"curies":[{"name":"wp","href":"https:\/\/api.w.org\/{rel}","templated":true}]}}