{"id":4825,"date":"2024-05-14T19:55:04","date_gmt":"2024-05-14T17:55:04","guid":{"rendered":"https:\/\/maabmakeup.es\/?post_type=product&#038;p=4825"},"modified":"2025-06-30T19:06:13","modified_gmt":"2025-06-30T17:06:13","slug":"polygel-strong-ib-no32-30gr","status":"publish","type":"product","link":"https:\/\/maabmakeup.com\/inicio-2\/tienda\/constructores\/polygel-strong-constructores\/polygel-strong-ib-no32-30gr\/","title":{"rendered":"PolyGel Strong IB n\u00ba32 \u2013 30gr"},"content":{"rendered":"<p>\u00e2\u0153\u201dOlv\u00eddate del olor como el acr\u00edlico.<br \/>\n\u00e2\u0153\u201dTiene una magn\u00edfica durabilidad al desgaste.<br \/>\n\u00e2\u0153\u201dIncre\u00edble resistencia! \u00e2\u02dc\u009d<\/p>\n","protected":false},"excerpt":{"rendered":"<p>\u00e2\u0153\u201dOlv\u00eddate del olor como el acr\u00edlico. \u00e2\u0153\u201dTiene una magn\u00edfica durabilidad al desgaste. \u00e2\u0153\u201dIncre\u00edble resistencia! \u00e2\u02dc\u009d<\/p>\n","protected":false},"featured_media":4826,"comment_status":"open","ping_status":"closed","template":"","meta":[],"product_brand":[186],"product_cat":[226,232],"product_tag":[],"class_list":{"0":"post-4825","1":"product","2":"type-product","3":"status-publish","4":"has-post-thumbnail","6":"product_brand-illusion-beauty","7":"product_cat-constructores","8":"product_cat-polygel-strong-constructores","10":"first","11":"instock","12":"purchasable","13":"product-type-simple"},"_links":{"self":[{"href":"https:\/\/maabmakeup.com\/inicio-2\/wp-json\/wp\/v2\/product\/4825","targetHints":{"allow":["GET"]}}],"collection":[{"href":"https:\/\/maabmakeup.com\/inicio-2\/wp-json\/wp\/v2\/product"}],"about":[{"href":"https:\/\/maabmakeup.com\/inicio-2\/wp-json\/wp\/v2\/types\/product"}],"replies":[{"embeddable":true,"href":"https:\/\/maabmakeup.com\/inicio-2\/wp-json\/wp\/v2\/comments?post=4825"}],"wp:featuredmedia":[{"embeddable":true,"href":"https:\/\/maabmakeup.com\/inicio-2\/wp-json\/wp\/v2\/media\/4826"}],"wp:attachment":[{"href":"https:\/\/maabmakeup.com\/inicio-2\/wp-json\/wp\/v2\/media?parent=4825"}],"wp:term":[{"taxonomy":"product_brand","embeddable":true,"href":"https:\/\/maabmakeup.com\/inicio-2\/wp-json\/wp\/v2\/product_brand?post=4825"},{"taxonomy":"product_cat","embeddable":true,"href":"https:\/\/maabmakeup.com\/inicio-2\/wp-json\/wp\/v2\/product_cat?post=4825"},{"taxonomy":"product_tag","embeddable":true,"href":"https:\/\/maabmakeup.com\/inicio-2\/wp-json\/wp\/v2\/product_tag?post=4825"}],"curies":[{"name":"wp","href":"https:\/\/api.w.org\/{rel}","templated":true}]}}