{"id":483,"date":"2022-08-29T16:28:45","date_gmt":"2022-08-29T14:28:45","guid":{"rendered":"https:\/\/maabmakeup.es\/?post_type=product&#038;p=483"},"modified":"2025-09-26T16:37:54","modified_gmt":"2025-09-26T14:37:54","slug":"aceite-cuticulas-4","status":"publish","type":"product","link":"https:\/\/maabmakeup.com\/inicio-2\/tienda\/cuidado-de-las-unas\/aceite-cuticula\/aceite-cuticulas-4\/","title":{"rendered":"ACEITE CUT\u00cdCULAS PI\u00d1A"},"content":{"rendered":"<p>Aceite para cut\u00edculas arom\u00e1tico. Olor pi\u00f1a<\/p>\n","protected":false},"excerpt":{"rendered":"<p>Aceite para cut\u00edculas arom\u00e1tico. Olor pi\u00f1a<\/p>\n","protected":false},"featured_media":480,"comment_status":"open","ping_status":"closed","template":"","meta":[],"product_brand":[186],"product_cat":[34,127],"product_tag":[],"class_list":{"0":"post-483","1":"product","2":"type-product","3":"status-publish","4":"has-post-thumbnail","6":"product_brand-illusion-beauty","7":"product_cat-aceite-cuticula","8":"product_cat-cuidado-de-las-unas","10":"first","11":"outofstock","12":"purchasable","13":"product-type-simple"},"_links":{"self":[{"href":"https:\/\/maabmakeup.com\/inicio-2\/wp-json\/wp\/v2\/product\/483","targetHints":{"allow":["GET"]}}],"collection":[{"href":"https:\/\/maabmakeup.com\/inicio-2\/wp-json\/wp\/v2\/product"}],"about":[{"href":"https:\/\/maabmakeup.com\/inicio-2\/wp-json\/wp\/v2\/types\/product"}],"replies":[{"embeddable":true,"href":"https:\/\/maabmakeup.com\/inicio-2\/wp-json\/wp\/v2\/comments?post=483"}],"wp:featuredmedia":[{"embeddable":true,"href":"https:\/\/maabmakeup.com\/inicio-2\/wp-json\/wp\/v2\/media\/480"}],"wp:attachment":[{"href":"https:\/\/maabmakeup.com\/inicio-2\/wp-json\/wp\/v2\/media?parent=483"}],"wp:term":[{"taxonomy":"product_brand","embeddable":true,"href":"https:\/\/maabmakeup.com\/inicio-2\/wp-json\/wp\/v2\/product_brand?post=483"},{"taxonomy":"product_cat","embeddable":true,"href":"https:\/\/maabmakeup.com\/inicio-2\/wp-json\/wp\/v2\/product_cat?post=483"},{"taxonomy":"product_tag","embeddable":true,"href":"https:\/\/maabmakeup.com\/inicio-2\/wp-json\/wp\/v2\/product_tag?post=483"}],"curies":[{"name":"wp","href":"https:\/\/api.w.org\/{rel}","templated":true}]}}