{"id":4840,"date":"2024-05-15T13:51:56","date_gmt":"2024-05-15T11:51:56","guid":{"rendered":"https:\/\/maabmakeup.es\/?post_type=product&#038;p=4840"},"modified":"2026-02-03T17:42:59","modified_gmt":"2026-02-03T16:42:59","slug":"cover-gel-en-bote-06-vivi-base-rigida","status":"publish","type":"product","link":"https:\/\/maabmakeup.com\/inicio-2\/tienda\/base\/rigida\/cover-gel-en-bote-06-vivi-base-rigida\/","title":{"rendered":"COVER GEL EN BOTE 06 VIVI (BASE R\u00cdGIDA)"},"content":{"rendered":"<p>Gel para construcci\u00f3n de u\u00f1as o hacer nivelaci\u00f3n en el esmalte semipermanente, en formato de 20ml.<\/p>\n<p>Es un gel duro de consistencia media, autonivelante para hacer el refuerzo de las u\u00f1as semipermanentes. <\/p>\n<p>Tambi\u00e9n puedes usarlo para el alargamiento y reparaci\u00f3n de las roturas en las esquinas.<\/p>\n<p>Gel muy aconsejable para u\u00f1as sanas, d\u00e9biles, fr\u00e1giles, muy finas.<\/p>\n<p> Este formato est\u00e1 en el bote con brocha.<\/p>\n","protected":false},"excerpt":{"rendered":"<p>Gel para construcci\u00f3n de u\u00f1as o hacer nivelaci\u00f3n en el esmalte semipermanente, en formato de 20ml. Es un gel duro<\/p>\n","protected":false},"featured_media":4841,"comment_status":"open","ping_status":"closed","template":"","meta":[],"product_brand":[209],"product_cat":[36,235],"product_tag":[],"class_list":{"0":"post-4840","1":"product","2":"type-product","3":"status-publish","4":"has-post-thumbnail","6":"product_brand-vivi","7":"product_cat-base","8":"product_cat-rigida","10":"first","11":"outofstock","12":"purchasable","13":"product-type-simple"},"_links":{"self":[{"href":"https:\/\/maabmakeup.com\/inicio-2\/wp-json\/wp\/v2\/product\/4840","targetHints":{"allow":["GET"]}}],"collection":[{"href":"https:\/\/maabmakeup.com\/inicio-2\/wp-json\/wp\/v2\/product"}],"about":[{"href":"https:\/\/maabmakeup.com\/inicio-2\/wp-json\/wp\/v2\/types\/product"}],"replies":[{"embeddable":true,"href":"https:\/\/maabmakeup.com\/inicio-2\/wp-json\/wp\/v2\/comments?post=4840"}],"wp:featuredmedia":[{"embeddable":true,"href":"https:\/\/maabmakeup.com\/inicio-2\/wp-json\/wp\/v2\/media\/4841"}],"wp:attachment":[{"href":"https:\/\/maabmakeup.com\/inicio-2\/wp-json\/wp\/v2\/media?parent=4840"}],"wp:term":[{"taxonomy":"product_brand","embeddable":true,"href":"https:\/\/maabmakeup.com\/inicio-2\/wp-json\/wp\/v2\/product_brand?post=4840"},{"taxonomy":"product_cat","embeddable":true,"href":"https:\/\/maabmakeup.com\/inicio-2\/wp-json\/wp\/v2\/product_cat?post=4840"},{"taxonomy":"product_tag","embeddable":true,"href":"https:\/\/maabmakeup.com\/inicio-2\/wp-json\/wp\/v2\/product_tag?post=4840"}],"curies":[{"name":"wp","href":"https:\/\/api.w.org\/{rel}","templated":true}]}}