{"id":4842,"date":"2024-05-15T13:57:28","date_gmt":"2024-05-15T11:57:28","guid":{"rendered":"https:\/\/maabmakeup.es\/?post_type=product&#038;p=4842"},"modified":"2025-08-11T12:05:15","modified_gmt":"2025-08-11T10:05:15","slug":"tratamiento-rescue-rxx-cnd-3-7ml-queratina-para-las-unas","status":"publish","type":"product","link":"https:\/\/maabmakeup.com\/inicio-2\/tienda\/cuidado-de-las-unas\/tratamiento-rescue-rxx-cnd-3-7ml-queratina-para-las-unas\/","title":{"rendered":"TRATAMIENTO RESCUE RXX CND 3.7ML (QUERATINA PARA LAS U\u00d1AS)"},"content":{"rendered":"<p>El mejor tratamiento para recuperar las u\u00f1as d\u00e9biles (yo lo he probado y es la ca\u00f1a), pega la piel a la u\u00f1a que tiene levantamiento, acelera el crecimiento de la u\u00f1a, regenera las capas desde el interior.<\/p>\n<p>Pega la carne a la piel de la u\u00f1a si est\u00e1 despegada por golpes, me crecieron las u\u00f1as en dos meses como nuevas.<\/p>\n<p>Apl\u00edcalo dos veces al d\u00eda aunque las tengas pintadas.<\/p>\n","protected":false},"excerpt":{"rendered":"<p>El mejor tratamiento para recuperar las u\u00f1as d\u00e9biles (yo lo he probado y es la ca\u00f1a), pega la piel a<\/p>\n","protected":false},"featured_media":4843,"comment_status":"open","ping_status":"closed","template":"","meta":[],"product_brand":[220],"product_cat":[127],"product_tag":[],"class_list":{"0":"post-4842","1":"product","2":"type-product","3":"status-publish","4":"has-post-thumbnail","6":"product_brand-cnd","7":"product_cat-cuidado-de-las-unas","9":"first","10":"instock","11":"purchasable","12":"product-type-simple"},"_links":{"self":[{"href":"https:\/\/maabmakeup.com\/inicio-2\/wp-json\/wp\/v2\/product\/4842","targetHints":{"allow":["GET"]}}],"collection":[{"href":"https:\/\/maabmakeup.com\/inicio-2\/wp-json\/wp\/v2\/product"}],"about":[{"href":"https:\/\/maabmakeup.com\/inicio-2\/wp-json\/wp\/v2\/types\/product"}],"replies":[{"embeddable":true,"href":"https:\/\/maabmakeup.com\/inicio-2\/wp-json\/wp\/v2\/comments?post=4842"}],"wp:featuredmedia":[{"embeddable":true,"href":"https:\/\/maabmakeup.com\/inicio-2\/wp-json\/wp\/v2\/media\/4843"}],"wp:attachment":[{"href":"https:\/\/maabmakeup.com\/inicio-2\/wp-json\/wp\/v2\/media?parent=4842"}],"wp:term":[{"taxonomy":"product_brand","embeddable":true,"href":"https:\/\/maabmakeup.com\/inicio-2\/wp-json\/wp\/v2\/product_brand?post=4842"},{"taxonomy":"product_cat","embeddable":true,"href":"https:\/\/maabmakeup.com\/inicio-2\/wp-json\/wp\/v2\/product_cat?post=4842"},{"taxonomy":"product_tag","embeddable":true,"href":"https:\/\/maabmakeup.com\/inicio-2\/wp-json\/wp\/v2\/product_tag?post=4842"}],"curies":[{"name":"wp","href":"https:\/\/api.w.org\/{rel}","templated":true}]}}