{"id":4879,"date":"2024-05-29T14:34:42","date_gmt":"2024-05-29T12:34:42","guid":{"rendered":"https:\/\/maabmakeup.es\/?post_type=product&#038;p=4879"},"modified":"2025-08-11T12:01:06","modified_gmt":"2025-08-11T10:01:06","slug":"base-express-rosa-baby-rubber-hn-10ml","status":"publish","type":"product","link":"https:\/\/maabmakeup.com\/inicio-2\/tienda\/base\/flexible\/base-express-rosa-baby-rubber-hn-10ml\/","title":{"rendered":"BASE EXPRESS ROSA BABY (RUBBER) HN 10ML"},"content":{"rendered":"<p>Express Base &#8211; 10ml Es una base  gel polish ( semipermanente) el\u00e1stica, extra fuerte de consistencia m\u00e9dia\/espesa para trabajos con  Color,  Gel  polish y Gel. Permite hacer  extensi\u00f3n hasta de  2mm con un \u00e1pice perfecto!  \u00d3ptima adhesi\u00f3n y excelente durabilidad. Conoce todas las bases disponibles  y  no dejes de probar este producto de excelencia!<\/p>\n<p>Ventajas:<\/p>\n<p>M\u00e1s r\u00e1pido<br \/>\nM\u00e1s simples<br \/>\nF\u00e1cil de nivelar<br \/>\nAlta calidad       <\/p>\n","protected":false},"excerpt":{"rendered":"<p>Express Base &#8211; 10ml Es una base gel polish ( semipermanente) el\u00e1stica, extra fuerte de consistencia m\u00e9dia\/espesa para trabajos con<\/p>\n","protected":false},"featured_media":4880,"comment_status":"open","ping_status":"closed","template":"","meta":[],"product_brand":[237],"product_cat":[36,234],"product_tag":[],"class_list":{"0":"post-4879","1":"product","2":"type-product","3":"status-publish","4":"has-post-thumbnail","6":"product_brand-hn","7":"product_cat-base","8":"product_cat-flexible","10":"first","11":"instock","12":"purchasable","13":"product-type-simple"},"_links":{"self":[{"href":"https:\/\/maabmakeup.com\/inicio-2\/wp-json\/wp\/v2\/product\/4879","targetHints":{"allow":["GET"]}}],"collection":[{"href":"https:\/\/maabmakeup.com\/inicio-2\/wp-json\/wp\/v2\/product"}],"about":[{"href":"https:\/\/maabmakeup.com\/inicio-2\/wp-json\/wp\/v2\/types\/product"}],"replies":[{"embeddable":true,"href":"https:\/\/maabmakeup.com\/inicio-2\/wp-json\/wp\/v2\/comments?post=4879"}],"wp:featuredmedia":[{"embeddable":true,"href":"https:\/\/maabmakeup.com\/inicio-2\/wp-json\/wp\/v2\/media\/4880"}],"wp:attachment":[{"href":"https:\/\/maabmakeup.com\/inicio-2\/wp-json\/wp\/v2\/media?parent=4879"}],"wp:term":[{"taxonomy":"product_brand","embeddable":true,"href":"https:\/\/maabmakeup.com\/inicio-2\/wp-json\/wp\/v2\/product_brand?post=4879"},{"taxonomy":"product_cat","embeddable":true,"href":"https:\/\/maabmakeup.com\/inicio-2\/wp-json\/wp\/v2\/product_cat?post=4879"},{"taxonomy":"product_tag","embeddable":true,"href":"https:\/\/maabmakeup.com\/inicio-2\/wp-json\/wp\/v2\/product_tag?post=4879"}],"curies":[{"name":"wp","href":"https:\/\/api.w.org\/{rel}","templated":true}]}}