{"id":4894,"date":"2024-05-31T17:00:34","date_gmt":"2024-05-31T15:00:34","guid":{"rendered":"https:\/\/maabmakeup.es\/?post_type=product&#038;p=4894"},"modified":"2025-08-08T13:39:57","modified_gmt":"2025-08-08T11:39:57","slug":"base-rubber-de-nivelacion-vivi-20ml","status":"publish","type":"product","link":"https:\/\/maabmakeup.com\/inicio-2\/tienda\/base\/flexible\/base-rubber-de-nivelacion-vivi-20ml\/","title":{"rendered":"BASE RUBBER DE NIVELACI\u00d3N VIVI 20ML"},"content":{"rendered":"<p>Rubber base NIVELACI\u00d3N para u\u00f1as semipermanentes o con refuerzo.<\/p>\n<p>&#8211; Creada especialmente para nivelaci\u00f3n y refuerzo u\u00f1as naturales.<br \/>\n&#8211; Base el\u00e1stica para u\u00f1as normales y sanas.<br \/>\n&#8211; Autonivelante.<br \/>\n&#8211; Consistencia media espesa.<br \/>\n&#8211; No corre a los bordes.<br \/>\n&#8211; PH \u2013 6.85.<\/p>\n<p>Recomendamos aplicar debajo de esta base una capa fina de Rubber Base Flexible que tiene m\u00e1s acidez para hacer buen enganche con la placa ungueal<\/p>\n","protected":false},"excerpt":{"rendered":"<p>Rubber base NIVELACI\u00d3N para u\u00f1as semipermanentes o con refuerzo. &#8211; Creada especialmente para nivelaci\u00f3n y refuerzo u\u00f1as naturales. &#8211; Base<\/p>\n","protected":false},"featured_media":4895,"comment_status":"open","ping_status":"closed","template":"","meta":[],"product_brand":[209],"product_cat":[36,234],"product_tag":[],"class_list":{"0":"post-4894","1":"product","2":"type-product","3":"status-publish","4":"has-post-thumbnail","6":"product_brand-vivi","7":"product_cat-base","8":"product_cat-flexible","10":"first","11":"outofstock","12":"purchasable","13":"product-type-simple"},"_links":{"self":[{"href":"https:\/\/maabmakeup.com\/inicio-2\/wp-json\/wp\/v2\/product\/4894","targetHints":{"allow":["GET"]}}],"collection":[{"href":"https:\/\/maabmakeup.com\/inicio-2\/wp-json\/wp\/v2\/product"}],"about":[{"href":"https:\/\/maabmakeup.com\/inicio-2\/wp-json\/wp\/v2\/types\/product"}],"replies":[{"embeddable":true,"href":"https:\/\/maabmakeup.com\/inicio-2\/wp-json\/wp\/v2\/comments?post=4894"}],"wp:featuredmedia":[{"embeddable":true,"href":"https:\/\/maabmakeup.com\/inicio-2\/wp-json\/wp\/v2\/media\/4895"}],"wp:attachment":[{"href":"https:\/\/maabmakeup.com\/inicio-2\/wp-json\/wp\/v2\/media?parent=4894"}],"wp:term":[{"taxonomy":"product_brand","embeddable":true,"href":"https:\/\/maabmakeup.com\/inicio-2\/wp-json\/wp\/v2\/product_brand?post=4894"},{"taxonomy":"product_cat","embeddable":true,"href":"https:\/\/maabmakeup.com\/inicio-2\/wp-json\/wp\/v2\/product_cat?post=4894"},{"taxonomy":"product_tag","embeddable":true,"href":"https:\/\/maabmakeup.com\/inicio-2\/wp-json\/wp\/v2\/product_tag?post=4894"}],"curies":[{"name":"wp","href":"https:\/\/api.w.org\/{rel}","templated":true}]}}