{"id":4933,"date":"2024-06-03T18:40:15","date_gmt":"2024-06-03T16:40:15","guid":{"rendered":"https:\/\/maabmakeup.es\/?post_type=product&#038;p=4933"},"modified":"2026-01-05T11:19:37","modified_gmt":"2026-01-05T10:19:37","slug":"estirilizador-de-bolas-de-cuarzo","status":"publish","type":"product","link":"https:\/\/maabmakeup.com\/inicio-2\/tienda\/aparatologia-maquinaria\/esterilizador\/estirilizador-de-bolas-de-cuarzo\/","title":{"rendered":"ESTERILIZADOR DE BOLAS DE CUARZO"},"content":{"rendered":"<p> Los esterilizadores de bolas de cuarzo son una herramienta esencial en cualquier sal\u00f3n de manicura y pedicura. Su prop\u00f3sito principal es desinfectar y esterilizar nuestras herramientas de metal, como alicates, empujadores de cut\u00edculas y limas de metal, asegurando que est\u00e9n libres de bacterias, hongos y virus.<\/p>\n","protected":false},"excerpt":{"rendered":"<p>Los esterilizadores de bolas de cuarzo son una herramienta esencial en cualquier sal\u00f3n de manicura y pedicura. Su prop\u00f3sito principal<\/p>\n","protected":false},"featured_media":4934,"comment_status":"open","ping_status":"closed","template":"","meta":[],"product_brand":[213],"product_cat":[169,249],"product_tag":[],"class_list":{"0":"post-4933","1":"product","2":"type-product","3":"status-publish","4":"has-post-thumbnail","6":"product_brand-maabmakeup","7":"product_cat-aparatologia-maquinaria","8":"product_cat-esterilizador","10":"first","11":"instock","12":"purchasable","13":"product-type-simple"},"_links":{"self":[{"href":"https:\/\/maabmakeup.com\/inicio-2\/wp-json\/wp\/v2\/product\/4933","targetHints":{"allow":["GET"]}}],"collection":[{"href":"https:\/\/maabmakeup.com\/inicio-2\/wp-json\/wp\/v2\/product"}],"about":[{"href":"https:\/\/maabmakeup.com\/inicio-2\/wp-json\/wp\/v2\/types\/product"}],"replies":[{"embeddable":true,"href":"https:\/\/maabmakeup.com\/inicio-2\/wp-json\/wp\/v2\/comments?post=4933"}],"wp:featuredmedia":[{"embeddable":true,"href":"https:\/\/maabmakeup.com\/inicio-2\/wp-json\/wp\/v2\/media\/4934"}],"wp:attachment":[{"href":"https:\/\/maabmakeup.com\/inicio-2\/wp-json\/wp\/v2\/media?parent=4933"}],"wp:term":[{"taxonomy":"product_brand","embeddable":true,"href":"https:\/\/maabmakeup.com\/inicio-2\/wp-json\/wp\/v2\/product_brand?post=4933"},{"taxonomy":"product_cat","embeddable":true,"href":"https:\/\/maabmakeup.com\/inicio-2\/wp-json\/wp\/v2\/product_cat?post=4933"},{"taxonomy":"product_tag","embeddable":true,"href":"https:\/\/maabmakeup.com\/inicio-2\/wp-json\/wp\/v2\/product_tag?post=4933"}],"curies":[{"name":"wp","href":"https:\/\/api.w.org\/{rel}","templated":true}]}}