{"id":505,"date":"2022-08-29T16:55:32","date_gmt":"2022-08-29T16:55:32","guid":{"rendered":"https:\/\/maabmakeup.es\/?post_type=product&#038;p=505"},"modified":"2025-07-06T15:37:14","modified_gmt":"2025-07-06T13:37:14","slug":"soporte-pinturas","status":"publish","type":"product","link":"https:\/\/maabmakeup.com\/inicio-2\/tienda\/accesorios\/accesorios-termish\/soporte-pinturas\/","title":{"rendered":"SOPORTE PINTURAS"},"content":{"rendered":"<p>Soporte de pintura Termish desarrollado por dise\u00f1adores exclusivamente para pinturas Termish, seg\u00fan las caracter\u00edsticas de la botella. El stand tiene 10 huecos. Accesorio de trabajo conveniente e indispensable.<\/p>\n","protected":false},"excerpt":{"rendered":"<p>Soporte de pintura Termish desarrollado por dise\u00f1adores exclusivamente para pinturas Termish, seg\u00fan las caracter\u00edsticas de la botella. El stand tiene<\/p>\n","protected":false},"featured_media":504,"comment_status":"open","ping_status":"closed","template":"","meta":[],"product_brand":[219],"product_cat":[107,32,129],"product_tag":[],"class_list":{"0":"post-505","1":"product","2":"type-product","3":"status-publish","4":"has-post-thumbnail","6":"product_brand-termish","7":"product_cat-accesorios","8":"product_cat-accesorios-termish","9":"product_cat-aerografia","11":"first","12":"instock","13":"purchasable","14":"product-type-simple"},"_links":{"self":[{"href":"https:\/\/maabmakeup.com\/inicio-2\/wp-json\/wp\/v2\/product\/505","targetHints":{"allow":["GET"]}}],"collection":[{"href":"https:\/\/maabmakeup.com\/inicio-2\/wp-json\/wp\/v2\/product"}],"about":[{"href":"https:\/\/maabmakeup.com\/inicio-2\/wp-json\/wp\/v2\/types\/product"}],"replies":[{"embeddable":true,"href":"https:\/\/maabmakeup.com\/inicio-2\/wp-json\/wp\/v2\/comments?post=505"}],"wp:featuredmedia":[{"embeddable":true,"href":"https:\/\/maabmakeup.com\/inicio-2\/wp-json\/wp\/v2\/media\/504"}],"wp:attachment":[{"href":"https:\/\/maabmakeup.com\/inicio-2\/wp-json\/wp\/v2\/media?parent=505"}],"wp:term":[{"taxonomy":"product_brand","embeddable":true,"href":"https:\/\/maabmakeup.com\/inicio-2\/wp-json\/wp\/v2\/product_brand?post=505"},{"taxonomy":"product_cat","embeddable":true,"href":"https:\/\/maabmakeup.com\/inicio-2\/wp-json\/wp\/v2\/product_cat?post=505"},{"taxonomy":"product_tag","embeddable":true,"href":"https:\/\/maabmakeup.com\/inicio-2\/wp-json\/wp\/v2\/product_tag?post=505"}],"curies":[{"name":"wp","href":"https:\/\/api.w.org\/{rel}","templated":true}]}}