{"id":5147,"date":"2024-07-09T13:27:13","date_gmt":"2024-07-09T11:27:13","guid":{"rendered":"https:\/\/maabmakeup.es\/?post_type=product&#038;p=5147"},"modified":"2025-06-30T18:27:08","modified_gmt":"2025-06-30T16:27:08","slug":"gel-builder-color-10-ib-nails-15ml","status":"publish","type":"product","link":"https:\/\/maabmakeup.com\/inicio-2\/tienda\/constructores\/gel-builder\/gel-builder-color-10-ib-nails-15ml\/","title":{"rendered":"Gel Builder Color 10 IB Nails \u2013 15ml"},"content":{"rendered":"<p>Gel constructor de color.<\/p>\n<p>Densidad media.<\/p>\n<p>Antial\u00e9rgico.<\/p>\n<p>Autonivelante.<\/p>\n<p>Gel de limado f\u00e1cil, y permite trabajar r\u00e1pido y confortable.<\/p>\n<p>Para dise\u00f1o y cobertura completa.<\/p>\n","protected":false},"excerpt":{"rendered":"<p>Gel constructor de color. Densidad media. Antial\u00e9rgico. Autonivelante. Gel de limado f\u00e1cil, y permite trabajar r\u00e1pido y confortable. Para dise\u00f1o<\/p>\n","protected":false},"featured_media":5148,"comment_status":"open","ping_status":"closed","template":"","meta":[],"product_brand":[186],"product_cat":[226,233],"product_tag":[],"class_list":{"0":"post-5147","1":"product","2":"type-product","3":"status-publish","4":"has-post-thumbnail","6":"product_brand-illusion-beauty","7":"product_cat-constructores","8":"product_cat-gel-builder","10":"first","11":"instock","12":"purchasable","13":"product-type-simple"},"_links":{"self":[{"href":"https:\/\/maabmakeup.com\/inicio-2\/wp-json\/wp\/v2\/product\/5147","targetHints":{"allow":["GET"]}}],"collection":[{"href":"https:\/\/maabmakeup.com\/inicio-2\/wp-json\/wp\/v2\/product"}],"about":[{"href":"https:\/\/maabmakeup.com\/inicio-2\/wp-json\/wp\/v2\/types\/product"}],"replies":[{"embeddable":true,"href":"https:\/\/maabmakeup.com\/inicio-2\/wp-json\/wp\/v2\/comments?post=5147"}],"wp:featuredmedia":[{"embeddable":true,"href":"https:\/\/maabmakeup.com\/inicio-2\/wp-json\/wp\/v2\/media\/5148"}],"wp:attachment":[{"href":"https:\/\/maabmakeup.com\/inicio-2\/wp-json\/wp\/v2\/media?parent=5147"}],"wp:term":[{"taxonomy":"product_brand","embeddable":true,"href":"https:\/\/maabmakeup.com\/inicio-2\/wp-json\/wp\/v2\/product_brand?post=5147"},{"taxonomy":"product_cat","embeddable":true,"href":"https:\/\/maabmakeup.com\/inicio-2\/wp-json\/wp\/v2\/product_cat?post=5147"},{"taxonomy":"product_tag","embeddable":true,"href":"https:\/\/maabmakeup.com\/inicio-2\/wp-json\/wp\/v2\/product_tag?post=5147"}],"curies":[{"name":"wp","href":"https:\/\/api.w.org\/{rel}","templated":true}]}}