{"id":5159,"date":"2024-07-09T14:24:23","date_gmt":"2024-07-09T12:24:23","guid":{"rendered":"https:\/\/maabmakeup.es\/?post_type=product&#038;p=5159"},"modified":"2026-02-04T10:40:23","modified_gmt":"2026-02-04T09:40:23","slug":"gel-builder-fiber-natural-ib-nails-gel-con-fibra-de-vidrio-30ml","status":"publish","type":"product","link":"https:\/\/maabmakeup.com\/inicio-2\/tienda\/constructores\/gel-builder\/gel-builder-fiber-natural-ib-nails-gel-con-fibra-de-vidrio-30ml\/","title":{"rendered":"GEL BUILDER FIBER NATURAL IB NAILS (GEL CON FIBRA DE VIDRIO) 30ML"},"content":{"rendered":"<p>Gel constructor para u\u00f1as esculpidas, tambi\u00e9n puedes usarlo como base r\u00edgida con fibra de vidrio.<\/p>\n<p>Este gel contiene la fibra de vidrio muy resistente para tus u\u00f1as, para manicuras que tengan las u\u00f1as muy d\u00e9biles o queramos alargar un poco.<\/p>\n<p>Gel autonivelante de densidad media para poder trabajar m\u00e1s r\u00e1pido, no se mancha la cut\u00edcula, y se lima mucho m\u00e1s f\u00e1cil.<\/p>\n<p>Antial\u00e9rgico<\/p>\n","protected":false},"excerpt":{"rendered":"<p>Gel constructor para u\u00f1as esculpidas, tambi\u00e9n puedes usarlo como base r\u00edgida con fibra de vidrio. Este gel contiene la fibra<\/p>\n","protected":false},"featured_media":5160,"comment_status":"open","ping_status":"closed","template":"","meta":[],"product_brand":[186],"product_cat":[226,233],"product_tag":[],"class_list":{"0":"post-5159","1":"product","2":"type-product","3":"status-publish","4":"has-post-thumbnail","6":"product_brand-illusion-beauty","7":"product_cat-constructores","8":"product_cat-gel-builder","10":"first","11":"outofstock","12":"purchasable","13":"product-type-simple"},"_links":{"self":[{"href":"https:\/\/maabmakeup.com\/inicio-2\/wp-json\/wp\/v2\/product\/5159","targetHints":{"allow":["GET"]}}],"collection":[{"href":"https:\/\/maabmakeup.com\/inicio-2\/wp-json\/wp\/v2\/product"}],"about":[{"href":"https:\/\/maabmakeup.com\/inicio-2\/wp-json\/wp\/v2\/types\/product"}],"replies":[{"embeddable":true,"href":"https:\/\/maabmakeup.com\/inicio-2\/wp-json\/wp\/v2\/comments?post=5159"}],"wp:featuredmedia":[{"embeddable":true,"href":"https:\/\/maabmakeup.com\/inicio-2\/wp-json\/wp\/v2\/media\/5160"}],"wp:attachment":[{"href":"https:\/\/maabmakeup.com\/inicio-2\/wp-json\/wp\/v2\/media?parent=5159"}],"wp:term":[{"taxonomy":"product_brand","embeddable":true,"href":"https:\/\/maabmakeup.com\/inicio-2\/wp-json\/wp\/v2\/product_brand?post=5159"},{"taxonomy":"product_cat","embeddable":true,"href":"https:\/\/maabmakeup.com\/inicio-2\/wp-json\/wp\/v2\/product_cat?post=5159"},{"taxonomy":"product_tag","embeddable":true,"href":"https:\/\/maabmakeup.com\/inicio-2\/wp-json\/wp\/v2\/product_tag?post=5159"}],"curies":[{"name":"wp","href":"https:\/\/api.w.org\/{rel}","templated":true}]}}