{"id":5171,"date":"2024-07-09T15:03:45","date_gmt":"2024-07-09T13:03:45","guid":{"rendered":"https:\/\/maabmakeup.es\/?post_type=product&#038;p=5171"},"modified":"2025-08-08T13:46:40","modified_gmt":"2025-08-08T11:46:40","slug":"tips-classic-xl-reciclables-para-gel-polygel-o-acrigel-formas-superiores-dual-system-ib","status":"publish","type":"product","link":"https:\/\/maabmakeup.com\/inicio-2\/tienda\/accesorios\/tips\/tips-classic-xl-reciclables-para-gel-polygel-o-acrigel-formas-superiores-dual-system-ib\/","title":{"rendered":"TIPS CLASSIC XL RECICLABLES PARA GEL, POLYGEL O ACRIGEL (FORMAS SUPERIORES) DUAL SYSTEM IB"},"content":{"rendered":"<p>Tips con forma cl\u00e1sica XL, para esculpir u\u00f1as de gel polygel o acr\u00edlico, son compatibles con los tres sistemas de productos para construir u\u00f1as, es m\u00e1s f\u00e1cil con el polygel porque es m\u00e1s espeso y mantiene la forma de la u\u00f1a, si usas un gel intenta que sea jelly para que tenga consistencia y no se mueva.<\/p>\n<p>Reutiliza los tips para diferentes clientes, l\u00edmpialos bien con alcohol y apunta sus tallas para cuando venga la clienta en la pr\u00f3xima cita ya tienes su tama\u00f1o de tips apuntado para un servicio de manicura m\u00e1s r\u00e1pido.<\/p>\n<p>Estos tips s\u00f3lo se usan para u\u00f1as cortas o refuerzos con polygel.<\/p>\n","protected":false},"excerpt":{"rendered":"<p>Tips con forma cl\u00e1sica XL, para esculpir u\u00f1as de gel polygel o acr\u00edlico, son compatibles con los tres sistemas de<\/p>\n","protected":false},"featured_media":5172,"comment_status":"open","ping_status":"closed","template":"","meta":[],"product_brand":[186],"product_cat":[82],"product_tag":[],"class_list":{"0":"post-5171","1":"product","2":"type-product","3":"status-publish","4":"has-post-thumbnail","6":"product_brand-illusion-beauty","7":"product_cat-tips","9":"first","10":"instock","11":"taxable","12":"shipping-taxable","13":"purchasable","14":"product-type-simple"},"_links":{"self":[{"href":"https:\/\/maabmakeup.com\/inicio-2\/wp-json\/wp\/v2\/product\/5171","targetHints":{"allow":["GET"]}}],"collection":[{"href":"https:\/\/maabmakeup.com\/inicio-2\/wp-json\/wp\/v2\/product"}],"about":[{"href":"https:\/\/maabmakeup.com\/inicio-2\/wp-json\/wp\/v2\/types\/product"}],"replies":[{"embeddable":true,"href":"https:\/\/maabmakeup.com\/inicio-2\/wp-json\/wp\/v2\/comments?post=5171"}],"wp:featuredmedia":[{"embeddable":true,"href":"https:\/\/maabmakeup.com\/inicio-2\/wp-json\/wp\/v2\/media\/5172"}],"wp:attachment":[{"href":"https:\/\/maabmakeup.com\/inicio-2\/wp-json\/wp\/v2\/media?parent=5171"}],"wp:term":[{"taxonomy":"product_brand","embeddable":true,"href":"https:\/\/maabmakeup.com\/inicio-2\/wp-json\/wp\/v2\/product_brand?post=5171"},{"taxonomy":"product_cat","embeddable":true,"href":"https:\/\/maabmakeup.com\/inicio-2\/wp-json\/wp\/v2\/product_cat?post=5171"},{"taxonomy":"product_tag","embeddable":true,"href":"https:\/\/maabmakeup.com\/inicio-2\/wp-json\/wp\/v2\/product_tag?post=5171"}],"curies":[{"name":"wp","href":"https:\/\/api.w.org\/{rel}","templated":true}]}}