{"id":5230,"date":"2024-07-16T12:24:35","date_gmt":"2024-07-16T10:24:35","guid":{"rendered":"https:\/\/maabmakeup.es\/?post_type=product&#038;p=5230"},"modified":"2025-08-08T13:58:39","modified_gmt":"2025-08-08T11:58:39","slug":"esmaltes-especiales-para-novia-nude-hn-coleccion-bride-hn324","status":"publish","type":"product","link":"https:\/\/maabmakeup.com\/inicio-2\/tienda\/esmaltes\/esmaltes-especiales-para-novia-nude-hn-coleccion-bride-hn324\/","title":{"rendered":"ESMALTES ESPECIALES PARA NOVIA, NUDE HN COLECCION BRIDE HN324"},"content":{"rendered":"<p>Esmaltes semipermanente con buena cobertura, con colores especiales para una manicura delicada y elegante. Puedes comprar la colecci\u00f3n completa con 6 colores, tono nude que podr\u00e1s usarla con u\u00f1as de gel, polygel, acr\u00edlico, acrygel o para tu manicura combinada.<\/p>\n<p>Estos esmaltes tienen una cobertura muy buena, y son muy econ\u00f3micos ya que su tama\u00f1o es 10Ml.<\/p>\n<p>Coleccion especial para Novias, u\u00f1as sencillas. Tambi\u00e9n puedes usarla para manicura francesa<\/p>\n","protected":false},"excerpt":{"rendered":"<p>Esmaltes semipermanente con buena cobertura, con colores especiales para una manicura delicada y elegante. Puedes comprar la colecci\u00f3n completa con<\/p>\n","protected":false},"featured_media":5231,"comment_status":"open","ping_status":"closed","template":"","meta":[],"product_brand":[237],"product_cat":[123],"product_tag":[],"class_list":{"0":"post-5230","1":"product","2":"type-product","3":"status-publish","4":"has-post-thumbnail","6":"product_brand-hn","7":"product_cat-esmaltes","9":"first","10":"instock","11":"purchasable","12":"product-type-simple"},"_links":{"self":[{"href":"https:\/\/maabmakeup.com\/inicio-2\/wp-json\/wp\/v2\/product\/5230","targetHints":{"allow":["GET"]}}],"collection":[{"href":"https:\/\/maabmakeup.com\/inicio-2\/wp-json\/wp\/v2\/product"}],"about":[{"href":"https:\/\/maabmakeup.com\/inicio-2\/wp-json\/wp\/v2\/types\/product"}],"replies":[{"embeddable":true,"href":"https:\/\/maabmakeup.com\/inicio-2\/wp-json\/wp\/v2\/comments?post=5230"}],"wp:featuredmedia":[{"embeddable":true,"href":"https:\/\/maabmakeup.com\/inicio-2\/wp-json\/wp\/v2\/media\/5231"}],"wp:attachment":[{"href":"https:\/\/maabmakeup.com\/inicio-2\/wp-json\/wp\/v2\/media?parent=5230"}],"wp:term":[{"taxonomy":"product_brand","embeddable":true,"href":"https:\/\/maabmakeup.com\/inicio-2\/wp-json\/wp\/v2\/product_brand?post=5230"},{"taxonomy":"product_cat","embeddable":true,"href":"https:\/\/maabmakeup.com\/inicio-2\/wp-json\/wp\/v2\/product_cat?post=5230"},{"taxonomy":"product_tag","embeddable":true,"href":"https:\/\/maabmakeup.com\/inicio-2\/wp-json\/wp\/v2\/product_tag?post=5230"}],"curies":[{"name":"wp","href":"https:\/\/api.w.org\/{rel}","templated":true}]}}