{"id":5247,"date":"2024-07-17T11:00:14","date_gmt":"2024-07-17T09:00:14","guid":{"rendered":"https:\/\/maabmakeup.es\/?post_type=product&#038;p=5247"},"modified":"2025-08-08T13:57:50","modified_gmt":"2025-08-08T11:57:50","slug":"create-lecente-gel-especial-para-foil","status":"publish","type":"product","link":"https:\/\/maabmakeup.com\/inicio-2\/tienda\/decoracion\/foil\/create-lecente-gel-especial-para-foil\/","title":{"rendered":"CREATE LECENT\u00c9 GEL ESPECIAL PARA FOIL"},"content":{"rendered":"<p>Gel especial para pegar el foil en las u\u00f1as, es muy importante dejar secar un minuto en la l\u00e1mpara LED, y al sacar debes de pegar el foil muy bien sin arrugas por ning\u00fan lado y justo despu\u00e9s frota con tu dedo o un pincel de silicona fuerte y con paciencia. Ve despegando el foil despacio en en los huecos que no se haya quedado bien, col\u00f3calo otra vez y sigue frotando, con la calor se queda el dibujo en las u\u00f1as.<\/p>\n<p>Los huecos que no se queden con el foil, color\u00e9alos con gel semipermanente, cubre encima con base rubber para que no se despegue por las puntas, y luego finaliza con top sin capa para que brille m\u00e1s.<\/p>\n","protected":false},"excerpt":{"rendered":"<p>Gel especial para pegar el foil en las u\u00f1as, es muy importante dejar secar un minuto en la l\u00e1mpara LED,<\/p>\n","protected":false},"featured_media":5248,"comment_status":"open","ping_status":"closed","template":"","meta":[],"product_brand":[210],"product_cat":[36,85],"product_tag":[],"class_list":{"0":"post-5247","1":"product","2":"type-product","3":"status-publish","4":"has-post-thumbnail","6":"product_brand-neonail","7":"product_cat-base","8":"product_cat-foil","10":"first","11":"instock","12":"purchasable","13":"product-type-simple"},"_links":{"self":[{"href":"https:\/\/maabmakeup.com\/inicio-2\/wp-json\/wp\/v2\/product\/5247","targetHints":{"allow":["GET"]}}],"collection":[{"href":"https:\/\/maabmakeup.com\/inicio-2\/wp-json\/wp\/v2\/product"}],"about":[{"href":"https:\/\/maabmakeup.com\/inicio-2\/wp-json\/wp\/v2\/types\/product"}],"replies":[{"embeddable":true,"href":"https:\/\/maabmakeup.com\/inicio-2\/wp-json\/wp\/v2\/comments?post=5247"}],"wp:featuredmedia":[{"embeddable":true,"href":"https:\/\/maabmakeup.com\/inicio-2\/wp-json\/wp\/v2\/media\/5248"}],"wp:attachment":[{"href":"https:\/\/maabmakeup.com\/inicio-2\/wp-json\/wp\/v2\/media?parent=5247"}],"wp:term":[{"taxonomy":"product_brand","embeddable":true,"href":"https:\/\/maabmakeup.com\/inicio-2\/wp-json\/wp\/v2\/product_brand?post=5247"},{"taxonomy":"product_cat","embeddable":true,"href":"https:\/\/maabmakeup.com\/inicio-2\/wp-json\/wp\/v2\/product_cat?post=5247"},{"taxonomy":"product_tag","embeddable":true,"href":"https:\/\/maabmakeup.com\/inicio-2\/wp-json\/wp\/v2\/product_tag?post=5247"}],"curies":[{"name":"wp","href":"https:\/\/api.w.org\/{rel}","templated":true}]}}