{"id":5253,"date":"2024-07-17T11:18:24","date_gmt":"2024-07-17T09:18:24","guid":{"rendered":"https:\/\/maabmakeup.es\/?post_type=product&#038;p=5253"},"modified":"2025-09-12T09:11:29","modified_gmt":"2025-09-12T07:11:29","slug":"base-rubber-transparente-15ml-majida","status":"publish","type":"product","link":"https:\/\/maabmakeup.com\/inicio-2\/tienda\/base\/rigida\/base-rubber-transparente-15ml-majida\/","title":{"rendered":"BASE RUBBER TRANSPARENTE 15ML MAJIDA"},"content":{"rendered":"<p>Base de goma o caucho muy flexible, para la manicura semipermanente.<\/p>\n<p>\u00dasala de base de polygel o gel.<\/p>\n<p>Para mi la mejor base de u\u00f1as, tiene muy buena adhesi\u00f3n para poner encima un refuerzo con otra base rubber o base r\u00edgida, para pegar las flores de cristal o piedras el ideal, es impresionante como sujeta la decoraci\u00f3n de u\u00f1as<\/p>\n","protected":false},"excerpt":{"rendered":"<p>Base de goma o caucho muy flexible, para la manicura semipermanente. \u00dasala de base de polygel o gel. Para mi<\/p>\n","protected":false},"featured_media":5254,"comment_status":"open","ping_status":"closed","template":"","meta":[],"product_brand":[211],"product_cat":[36,235],"product_tag":[],"class_list":{"0":"post-5253","1":"product","2":"type-product","3":"status-publish","4":"has-post-thumbnail","6":"product_brand-majida","7":"product_cat-base","8":"product_cat-rigida","10":"first","11":"outofstock","12":"purchasable","13":"product-type-simple"},"_links":{"self":[{"href":"https:\/\/maabmakeup.com\/inicio-2\/wp-json\/wp\/v2\/product\/5253","targetHints":{"allow":["GET"]}}],"collection":[{"href":"https:\/\/maabmakeup.com\/inicio-2\/wp-json\/wp\/v2\/product"}],"about":[{"href":"https:\/\/maabmakeup.com\/inicio-2\/wp-json\/wp\/v2\/types\/product"}],"replies":[{"embeddable":true,"href":"https:\/\/maabmakeup.com\/inicio-2\/wp-json\/wp\/v2\/comments?post=5253"}],"wp:featuredmedia":[{"embeddable":true,"href":"https:\/\/maabmakeup.com\/inicio-2\/wp-json\/wp\/v2\/media\/5254"}],"wp:attachment":[{"href":"https:\/\/maabmakeup.com\/inicio-2\/wp-json\/wp\/v2\/media?parent=5253"}],"wp:term":[{"taxonomy":"product_brand","embeddable":true,"href":"https:\/\/maabmakeup.com\/inicio-2\/wp-json\/wp\/v2\/product_brand?post=5253"},{"taxonomy":"product_cat","embeddable":true,"href":"https:\/\/maabmakeup.com\/inicio-2\/wp-json\/wp\/v2\/product_cat?post=5253"},{"taxonomy":"product_tag","embeddable":true,"href":"https:\/\/maabmakeup.com\/inicio-2\/wp-json\/wp\/v2\/product_tag?post=5253"}],"curies":[{"name":"wp","href":"https:\/\/api.w.org\/{rel}","templated":true}]}}