{"id":5264,"date":"2024-07-18T12:27:58","date_gmt":"2024-07-18T10:27:58","guid":{"rendered":"https:\/\/maabmakeup.es\/?post_type=product&#038;p=5264"},"modified":"2025-08-08T13:55:37","modified_gmt":"2025-08-08T11:55:37","slug":"esmalte-en-gel-the-naked-collection-10ml-hn151","status":"publish","type":"product","link":"https:\/\/maabmakeup.com\/inicio-2\/tienda\/esmaltes\/esmalte-en-gel-the-naked-collection-10ml-hn151\/","title":{"rendered":"ESMALTE EN GEL THE NAKED COLLECTION 10ML &#8211; HN151"},"content":{"rendered":"<p>ESMALTES CON TONALIDADES NUDE PERFECTOS PARA LA ENTRADA DE LA TEMPORADA DE OTO\u00d1O. APROVECHA LOS MEJORES COLORES PARA TUS LINDAS U\u00d1AS. El esmalte en gel Naked Collection 10 ml &#8211; HN151 de HN Hit Nails tiene una textura suave y una alta pigmentaci\u00f3n, lo que garantiza una aplicaci\u00f3n f\u00e1cil y uniforme. Su f\u00f3rmula de larga duraci\u00f3n mantendr\u00e1 tus u\u00f1as impecables por mucho m\u00e1s tiempo.<\/p>\n","protected":false},"excerpt":{"rendered":"<p>ESMALTES CON TONALIDADES NUDE PERFECTOS PARA LA ENTRADA DE LA TEMPORADA DE OTO\u00d1O. APROVECHA LOS MEJORES COLORES PARA TUS LINDAS<\/p>\n","protected":false},"featured_media":5265,"comment_status":"open","ping_status":"closed","template":"","meta":[],"product_brand":[237],"product_cat":[123],"product_tag":[],"class_list":{"0":"post-5264","1":"product","2":"type-product","3":"status-publish","4":"has-post-thumbnail","6":"product_brand-hn","7":"product_cat-esmaltes","9":"first","10":"instock","11":"taxable","12":"shipping-taxable","13":"purchasable","14":"product-type-simple"},"_links":{"self":[{"href":"https:\/\/maabmakeup.com\/inicio-2\/wp-json\/wp\/v2\/product\/5264","targetHints":{"allow":["GET"]}}],"collection":[{"href":"https:\/\/maabmakeup.com\/inicio-2\/wp-json\/wp\/v2\/product"}],"about":[{"href":"https:\/\/maabmakeup.com\/inicio-2\/wp-json\/wp\/v2\/types\/product"}],"replies":[{"embeddable":true,"href":"https:\/\/maabmakeup.com\/inicio-2\/wp-json\/wp\/v2\/comments?post=5264"}],"wp:featuredmedia":[{"embeddable":true,"href":"https:\/\/maabmakeup.com\/inicio-2\/wp-json\/wp\/v2\/media\/5265"}],"wp:attachment":[{"href":"https:\/\/maabmakeup.com\/inicio-2\/wp-json\/wp\/v2\/media?parent=5264"}],"wp:term":[{"taxonomy":"product_brand","embeddable":true,"href":"https:\/\/maabmakeup.com\/inicio-2\/wp-json\/wp\/v2\/product_brand?post=5264"},{"taxonomy":"product_cat","embeddable":true,"href":"https:\/\/maabmakeup.com\/inicio-2\/wp-json\/wp\/v2\/product_cat?post=5264"},{"taxonomy":"product_tag","embeddable":true,"href":"https:\/\/maabmakeup.com\/inicio-2\/wp-json\/wp\/v2\/product_tag?post=5264"}],"curies":[{"name":"wp","href":"https:\/\/api.w.org\/{rel}","templated":true}]}}