{"id":5272,"date":"2024-07-18T12:40:01","date_gmt":"2024-07-18T10:40:01","guid":{"rendered":"https:\/\/maabmakeup.es\/?post_type=product&#038;p=5272"},"modified":"2025-08-08T13:55:09","modified_gmt":"2025-08-08T11:55:09","slug":"esmalte-en-gel-the-naked-collection-10-ml-hn155","status":"publish","type":"product","link":"https:\/\/maabmakeup.com\/inicio-2\/tienda\/esmaltes\/esmalte-en-gel-the-naked-collection-10-ml-hn155\/","title":{"rendered":"ESMALTE EN GEL THE NAKED COLLECTION 10 ML &#8211; HN155"},"content":{"rendered":"<p>Exclusivo para profesionales que buscan ofrecer lo mejor a sus clientes, Gel Polish The Naked Collection 10ml &#8211; HN155 es el complemento perfecto para cualquier profesional. El color nude es cl\u00e1sico y elegante, aportando un toque de sofisticaci\u00f3n a cualquier ocasi\u00f3n.<\/p>\n","protected":false},"excerpt":{"rendered":"<p>Exclusivo para profesionales que buscan ofrecer lo mejor a sus clientes, Gel Polish The Naked Collection 10ml &#8211; HN155 es<\/p>\n","protected":false},"featured_media":5273,"comment_status":"open","ping_status":"closed","template":"","meta":[],"product_brand":[237],"product_cat":[123],"product_tag":[],"class_list":{"0":"post-5272","1":"product","2":"type-product","3":"status-publish","4":"has-post-thumbnail","6":"product_brand-hn","7":"product_cat-esmaltes","9":"first","10":"instock","11":"purchasable","12":"product-type-simple"},"_links":{"self":[{"href":"https:\/\/maabmakeup.com\/inicio-2\/wp-json\/wp\/v2\/product\/5272","targetHints":{"allow":["GET"]}}],"collection":[{"href":"https:\/\/maabmakeup.com\/inicio-2\/wp-json\/wp\/v2\/product"}],"about":[{"href":"https:\/\/maabmakeup.com\/inicio-2\/wp-json\/wp\/v2\/types\/product"}],"replies":[{"embeddable":true,"href":"https:\/\/maabmakeup.com\/inicio-2\/wp-json\/wp\/v2\/comments?post=5272"}],"wp:featuredmedia":[{"embeddable":true,"href":"https:\/\/maabmakeup.com\/inicio-2\/wp-json\/wp\/v2\/media\/5273"}],"wp:attachment":[{"href":"https:\/\/maabmakeup.com\/inicio-2\/wp-json\/wp\/v2\/media?parent=5272"}],"wp:term":[{"taxonomy":"product_brand","embeddable":true,"href":"https:\/\/maabmakeup.com\/inicio-2\/wp-json\/wp\/v2\/product_brand?post=5272"},{"taxonomy":"product_cat","embeddable":true,"href":"https:\/\/maabmakeup.com\/inicio-2\/wp-json\/wp\/v2\/product_cat?post=5272"},{"taxonomy":"product_tag","embeddable":true,"href":"https:\/\/maabmakeup.com\/inicio-2\/wp-json\/wp\/v2\/product_tag?post=5272"}],"curies":[{"name":"wp","href":"https:\/\/api.w.org\/{rel}","templated":true}]}}