{"id":5319,"date":"2024-07-31T18:42:17","date_gmt":"2024-07-31T16:42:17","guid":{"rendered":"https:\/\/maabmakeup.es\/?post_type=product&#038;p=5319"},"modified":"2025-08-08T13:54:50","modified_gmt":"2025-08-08T11:54:50","slug":"transfer-gel-neonail-para-foil-7899-gel-para-foil","status":"publish","type":"product","link":"https:\/\/maabmakeup.com\/inicio-2\/tienda\/decoracion\/foil\/transfer-gel-neonail-para-foil-7899-gel-para-foil\/","title":{"rendered":"Transfer Gel Neonail para Foil 7899 (gel para foil)"},"content":{"rendered":"<p>transfer Gel NeoNail.<\/p>\n<p>Gel transparente para la aplicaci\u00f3n de Foil sobre cualquier tono de esmalte, consistencia media, con cepillo para su f\u00e1cil aplicaci\u00f3n.<\/p>\n","protected":false},"excerpt":{"rendered":"<p>transfer Gel NeoNail. Gel transparente para la aplicaci\u00f3n de Foil sobre cualquier tono de esmalte, consistencia media, con cepillo para<\/p>\n","protected":false},"featured_media":5320,"comment_status":"open","ping_status":"closed","template":"","meta":[],"product_brand":[210],"product_cat":[123,85],"product_tag":[],"class_list":{"0":"post-5319","1":"product","2":"type-product","3":"status-publish","4":"has-post-thumbnail","6":"product_brand-neonail","7":"product_cat-esmaltes","8":"product_cat-foil","10":"first","11":"instock","12":"purchasable","13":"product-type-simple"},"_links":{"self":[{"href":"https:\/\/maabmakeup.com\/inicio-2\/wp-json\/wp\/v2\/product\/5319","targetHints":{"allow":["GET"]}}],"collection":[{"href":"https:\/\/maabmakeup.com\/inicio-2\/wp-json\/wp\/v2\/product"}],"about":[{"href":"https:\/\/maabmakeup.com\/inicio-2\/wp-json\/wp\/v2\/types\/product"}],"replies":[{"embeddable":true,"href":"https:\/\/maabmakeup.com\/inicio-2\/wp-json\/wp\/v2\/comments?post=5319"}],"wp:featuredmedia":[{"embeddable":true,"href":"https:\/\/maabmakeup.com\/inicio-2\/wp-json\/wp\/v2\/media\/5320"}],"wp:attachment":[{"href":"https:\/\/maabmakeup.com\/inicio-2\/wp-json\/wp\/v2\/media?parent=5319"}],"wp:term":[{"taxonomy":"product_brand","embeddable":true,"href":"https:\/\/maabmakeup.com\/inicio-2\/wp-json\/wp\/v2\/product_brand?post=5319"},{"taxonomy":"product_cat","embeddable":true,"href":"https:\/\/maabmakeup.com\/inicio-2\/wp-json\/wp\/v2\/product_cat?post=5319"},{"taxonomy":"product_tag","embeddable":true,"href":"https:\/\/maabmakeup.com\/inicio-2\/wp-json\/wp\/v2\/product_tag?post=5319"}],"curies":[{"name":"wp","href":"https:\/\/api.w.org\/{rel}","templated":true}]}}