{"id":5366,"date":"2024-08-10T10:35:54","date_gmt":"2024-08-10T08:35:54","guid":{"rendered":"https:\/\/maabmakeup.es\/?post_type=product&#038;p=5366"},"modified":"2026-01-09T17:31:21","modified_gmt":"2026-01-09T16:31:21","slug":"fresa-de-ceramica-azul-huracan-vivi-nails","status":"publish","type":"product","link":"https:\/\/maabmakeup.com\/inicio-2\/tienda\/accesorios\/fresas\/ceramica\/fresa-de-ceramica-azul-huracan-vivi-nails\/","title":{"rendered":"Fresa de cer\u00e1mica (azul) Hurac\u00e1n VIVI nails"},"content":{"rendered":"<p>Fresa de retirada color negra de cer\u00e1mica, puedes usarla para gel, polygel, acrygel o manicura de refuerzo.<\/p>\n","protected":false},"excerpt":{"rendered":"<p>Fresa de retirada color negra de cer\u00e1mica, puedes usarla para gel, polygel, acrygel o manicura de refuerzo.<\/p>\n","protected":false},"featured_media":5367,"comment_status":"open","ping_status":"closed","template":"","meta":[],"product_brand":[209],"product_cat":[103,56],"product_tag":[],"class_list":{"0":"post-5366","1":"product","2":"type-product","3":"status-publish","4":"has-post-thumbnail","6":"product_brand-vivi","7":"product_cat-ceramica","8":"product_cat-fresas","10":"first","11":"instock","12":"purchasable","13":"product-type-simple"},"_links":{"self":[{"href":"https:\/\/maabmakeup.com\/inicio-2\/wp-json\/wp\/v2\/product\/5366","targetHints":{"allow":["GET"]}}],"collection":[{"href":"https:\/\/maabmakeup.com\/inicio-2\/wp-json\/wp\/v2\/product"}],"about":[{"href":"https:\/\/maabmakeup.com\/inicio-2\/wp-json\/wp\/v2\/types\/product"}],"replies":[{"embeddable":true,"href":"https:\/\/maabmakeup.com\/inicio-2\/wp-json\/wp\/v2\/comments?post=5366"}],"wp:featuredmedia":[{"embeddable":true,"href":"https:\/\/maabmakeup.com\/inicio-2\/wp-json\/wp\/v2\/media\/5367"}],"wp:attachment":[{"href":"https:\/\/maabmakeup.com\/inicio-2\/wp-json\/wp\/v2\/media?parent=5366"}],"wp:term":[{"taxonomy":"product_brand","embeddable":true,"href":"https:\/\/maabmakeup.com\/inicio-2\/wp-json\/wp\/v2\/product_brand?post=5366"},{"taxonomy":"product_cat","embeddable":true,"href":"https:\/\/maabmakeup.com\/inicio-2\/wp-json\/wp\/v2\/product_cat?post=5366"},{"taxonomy":"product_tag","embeddable":true,"href":"https:\/\/maabmakeup.com\/inicio-2\/wp-json\/wp\/v2\/product_tag?post=5366"}],"curies":[{"name":"wp","href":"https:\/\/api.w.org\/{rel}","templated":true}]}}