{"id":5384,"date":"2024-08-12T18:35:48","date_gmt":"2024-08-12T16:35:48","guid":{"rendered":"https:\/\/maabmakeup.es\/?post_type=product&#038;p=5384"},"modified":"2026-03-26T13:39:28","modified_gmt":"2026-03-26T12:39:28","slug":"base-rubber-ib-milky-base-flexible-para-refuerzo-10ml","status":"publish","type":"product","link":"https:\/\/maabmakeup.com\/inicio-2\/tienda\/base\/flexible\/base-rubber-ib-milky-base-flexible-para-refuerzo-10ml\/","title":{"rendered":"Base rubber IB Milky (base flexible para refuerzo) 10ml"},"content":{"rendered":"<p>La mejor Base rubber al precio m\u00e1s econ\u00f3mico para su calidad, flexible para esmalte semipermanente, nos sirve para hacer nivelaci\u00f3n, hacer un refuerzo el la u\u00f1a natural o corregir la forma de la estructura de la u\u00f1a.<\/p>\n<p>Base Autonivelante.<\/p>\n<p>Perfecta adhesi\u00f3n por ambas caras.<\/p>\n<p>No se expande sobre la cut\u00edcula, es espesa.<\/p>\n<p>Curado en lampara LED \/ 60 seg. \u2013 UV \/ 120 seg.<\/p>\n<p>15ml<\/p>\n<p>Base para polygel.<\/p>\n","protected":false},"excerpt":{"rendered":"<p>La mejor Base rubber al precio m\u00e1s econ\u00f3mico para su calidad, flexible para esmalte semipermanente, nos sirve para hacer nivelaci\u00f3n,<\/p>\n","protected":false},"featured_media":5385,"comment_status":"open","ping_status":"closed","template":"","meta":[],"product_brand":[186],"product_cat":[36,234],"product_tag":[],"class_list":{"0":"post-5384","1":"product","2":"type-product","3":"status-publish","4":"has-post-thumbnail","6":"product_brand-illusion-beauty","7":"product_cat-base","8":"product_cat-flexible","10":"first","11":"instock","12":"purchasable","13":"product-type-simple"},"_links":{"self":[{"href":"https:\/\/maabmakeup.com\/inicio-2\/wp-json\/wp\/v2\/product\/5384","targetHints":{"allow":["GET"]}}],"collection":[{"href":"https:\/\/maabmakeup.com\/inicio-2\/wp-json\/wp\/v2\/product"}],"about":[{"href":"https:\/\/maabmakeup.com\/inicio-2\/wp-json\/wp\/v2\/types\/product"}],"replies":[{"embeddable":true,"href":"https:\/\/maabmakeup.com\/inicio-2\/wp-json\/wp\/v2\/comments?post=5384"}],"wp:featuredmedia":[{"embeddable":true,"href":"https:\/\/maabmakeup.com\/inicio-2\/wp-json\/wp\/v2\/media\/5385"}],"wp:attachment":[{"href":"https:\/\/maabmakeup.com\/inicio-2\/wp-json\/wp\/v2\/media?parent=5384"}],"wp:term":[{"taxonomy":"product_brand","embeddable":true,"href":"https:\/\/maabmakeup.com\/inicio-2\/wp-json\/wp\/v2\/product_brand?post=5384"},{"taxonomy":"product_cat","embeddable":true,"href":"https:\/\/maabmakeup.com\/inicio-2\/wp-json\/wp\/v2\/product_cat?post=5384"},{"taxonomy":"product_tag","embeddable":true,"href":"https:\/\/maabmakeup.com\/inicio-2\/wp-json\/wp\/v2\/product_tag?post=5384"}],"curies":[{"name":"wp","href":"https:\/\/api.w.org\/{rel}","templated":true}]}}