{"id":5397,"date":"2024-08-12T18:49:21","date_gmt":"2024-08-12T16:49:21","guid":{"rendered":"https:\/\/maabmakeup.es\/?post_type=product&#038;p=5397"},"modified":"2025-08-08T14:02:29","modified_gmt":"2025-08-08T12:02:29","slug":"base-all-in-one-ibnailpro-10ml-transparente-base-todo-en-uno-tips-express","status":"publish","type":"product","link":"https:\/\/maabmakeup.com\/inicio-2\/tienda\/base\/base-all-in-one-ibnailpro-10ml-transparente-base-todo-en-uno-tips-express\/","title":{"rendered":"Base ALL in ONE IBnailPRO \u2013 10ml (Transparente) Base todo en uno, tips express"},"content":{"rendered":"<p>Es una base especial para pegar pedrer\u00eda en las u\u00f1as, tambi\u00e9n es muy recomendables para pegar los tips express, olvida el pegamento de u\u00f1as.<\/p>\n<p>10ml<\/p>\n","protected":false},"excerpt":{"rendered":"<p>Es una base especial para pegar pedrer\u00eda en las u\u00f1as, tambi\u00e9n es muy recomendables para pegar los tips express, olvida<\/p>\n","protected":false},"featured_media":5398,"comment_status":"open","ping_status":"closed","template":"","meta":[],"product_brand":[186],"product_cat":[36],"product_tag":[],"class_list":{"0":"post-5397","1":"product","2":"type-product","3":"status-publish","4":"has-post-thumbnail","6":"product_brand-illusion-beauty","7":"product_cat-base","9":"first","10":"instock","11":"purchasable","12":"product-type-simple"},"_links":{"self":[{"href":"https:\/\/maabmakeup.com\/inicio-2\/wp-json\/wp\/v2\/product\/5397","targetHints":{"allow":["GET"]}}],"collection":[{"href":"https:\/\/maabmakeup.com\/inicio-2\/wp-json\/wp\/v2\/product"}],"about":[{"href":"https:\/\/maabmakeup.com\/inicio-2\/wp-json\/wp\/v2\/types\/product"}],"replies":[{"embeddable":true,"href":"https:\/\/maabmakeup.com\/inicio-2\/wp-json\/wp\/v2\/comments?post=5397"}],"wp:featuredmedia":[{"embeddable":true,"href":"https:\/\/maabmakeup.com\/inicio-2\/wp-json\/wp\/v2\/media\/5398"}],"wp:attachment":[{"href":"https:\/\/maabmakeup.com\/inicio-2\/wp-json\/wp\/v2\/media?parent=5397"}],"wp:term":[{"taxonomy":"product_brand","embeddable":true,"href":"https:\/\/maabmakeup.com\/inicio-2\/wp-json\/wp\/v2\/product_brand?post=5397"},{"taxonomy":"product_cat","embeddable":true,"href":"https:\/\/maabmakeup.com\/inicio-2\/wp-json\/wp\/v2\/product_cat?post=5397"},{"taxonomy":"product_tag","embeddable":true,"href":"https:\/\/maabmakeup.com\/inicio-2\/wp-json\/wp\/v2\/product_tag?post=5397"}],"curies":[{"name":"wp","href":"https:\/\/api.w.org\/{rel}","templated":true}]}}