{"id":5409,"date":"2024-08-12T19:06:54","date_gmt":"2024-08-12T17:06:54","guid":{"rendered":"https:\/\/maabmakeup.es\/?post_type=product&#038;p=5409"},"modified":"2026-03-18T15:42:49","modified_gmt":"2026-03-18T14:42:49","slug":"top-coat-cover-ibnailpro-10ml","status":"publish","type":"product","link":"https:\/\/maabmakeup.com\/inicio-2\/tienda\/top-coat\/top-coat-cover-ibnailpro-10ml\/","title":{"rendered":"Top Coat COVER IBnailPRO \u2013 10ml"},"content":{"rendered":"<p>Top coat sin capa de dispersi\u00f3n con color cover, nos sirve para acabar tus , manicuras m\u00e1s r\u00e1pido al tener color. <\/p>\n<p>Si las bases semipermanentes y los tops tiene color, evitas poner m\u00e1s capas de colores y ahorras en productos y acabas antes es servicio de manicura rusa.<\/p>\n","protected":false},"excerpt":{"rendered":"<p>Top coat sin capa de dispersi\u00f3n con color cover, nos sirve para acabar tus , manicuras m\u00e1s r\u00e1pido al tener<\/p>\n","protected":false},"featured_media":5410,"comment_status":"open","ping_status":"closed","template":"","meta":[],"product_brand":[186],"product_cat":[166],"product_tag":[],"class_list":{"0":"post-5409","1":"product","2":"type-product","3":"status-publish","4":"has-post-thumbnail","6":"product_brand-illusion-beauty","7":"product_cat-top-coat","9":"first","10":"instock","11":"purchasable","12":"product-type-simple"},"_links":{"self":[{"href":"https:\/\/maabmakeup.com\/inicio-2\/wp-json\/wp\/v2\/product\/5409","targetHints":{"allow":["GET"]}}],"collection":[{"href":"https:\/\/maabmakeup.com\/inicio-2\/wp-json\/wp\/v2\/product"}],"about":[{"href":"https:\/\/maabmakeup.com\/inicio-2\/wp-json\/wp\/v2\/types\/product"}],"replies":[{"embeddable":true,"href":"https:\/\/maabmakeup.com\/inicio-2\/wp-json\/wp\/v2\/comments?post=5409"}],"wp:featuredmedia":[{"embeddable":true,"href":"https:\/\/maabmakeup.com\/inicio-2\/wp-json\/wp\/v2\/media\/5410"}],"wp:attachment":[{"href":"https:\/\/maabmakeup.com\/inicio-2\/wp-json\/wp\/v2\/media?parent=5409"}],"wp:term":[{"taxonomy":"product_brand","embeddable":true,"href":"https:\/\/maabmakeup.com\/inicio-2\/wp-json\/wp\/v2\/product_brand?post=5409"},{"taxonomy":"product_cat","embeddable":true,"href":"https:\/\/maabmakeup.com\/inicio-2\/wp-json\/wp\/v2\/product_cat?post=5409"},{"taxonomy":"product_tag","embeddable":true,"href":"https:\/\/maabmakeup.com\/inicio-2\/wp-json\/wp\/v2\/product_tag?post=5409"}],"curies":[{"name":"wp","href":"https:\/\/api.w.org\/{rel}","templated":true}]}}