{"id":5411,"date":"2024-08-12T19:15:07","date_gmt":"2024-08-12T17:15:07","guid":{"rendered":"https:\/\/maabmakeup.es\/?post_type=product&#038;p=5411"},"modified":"2025-08-11T10:55:42","modified_gmt":"2025-08-11T08:55:42","slug":"tips-express-bailarina-babyboomer-500u-nail-express-ib","status":"publish","type":"product","link":"https:\/\/maabmakeup.com\/inicio-2\/tienda\/accesorios\/tips\/tips-express-bailarina-babyboomer-500u-nail-express-ib\/","title":{"rendered":"Tips Express bailarina babyboomer 500u (Nail Express) IB"},"content":{"rendered":"<p>Tips de gel para u\u00f1as.<\/p>\n<p>Tips para u\u00f1as gel express, o press on.<\/p>\n<p>Tips flexibles para alargar la u\u00f1a natural muy r\u00e1pido.<\/p>\n<p>Color transparente en la zona de cut\u00edcula y blanco lechoso en la punta, p\u00e9galas con la base rubber para mayor duraci\u00f3n.<\/p>\n<p>Te recomiendo pegarlos con la bases rubber transparentes.<\/p>\n<p>500 unidades de tips de gel.<\/p>\n","protected":false},"excerpt":{"rendered":"<p>Tips de gel para u\u00f1as. Tips para u\u00f1as gel express, o press on. Tips flexibles para alargar la u\u00f1a natural<\/p>\n","protected":false},"featured_media":5412,"comment_status":"open","ping_status":"closed","template":"","meta":[],"product_brand":[186],"product_cat":[82],"product_tag":[],"class_list":{"0":"post-5411","1":"product","2":"type-product","3":"status-publish","4":"has-post-thumbnail","6":"product_brand-illusion-beauty","7":"product_cat-tips","9":"first","10":"outofstock","11":"purchasable","12":"product-type-simple"},"_links":{"self":[{"href":"https:\/\/maabmakeup.com\/inicio-2\/wp-json\/wp\/v2\/product\/5411","targetHints":{"allow":["GET"]}}],"collection":[{"href":"https:\/\/maabmakeup.com\/inicio-2\/wp-json\/wp\/v2\/product"}],"about":[{"href":"https:\/\/maabmakeup.com\/inicio-2\/wp-json\/wp\/v2\/types\/product"}],"replies":[{"embeddable":true,"href":"https:\/\/maabmakeup.com\/inicio-2\/wp-json\/wp\/v2\/comments?post=5411"}],"wp:featuredmedia":[{"embeddable":true,"href":"https:\/\/maabmakeup.com\/inicio-2\/wp-json\/wp\/v2\/media\/5412"}],"wp:attachment":[{"href":"https:\/\/maabmakeup.com\/inicio-2\/wp-json\/wp\/v2\/media?parent=5411"}],"wp:term":[{"taxonomy":"product_brand","embeddable":true,"href":"https:\/\/maabmakeup.com\/inicio-2\/wp-json\/wp\/v2\/product_brand?post=5411"},{"taxonomy":"product_cat","embeddable":true,"href":"https:\/\/maabmakeup.com\/inicio-2\/wp-json\/wp\/v2\/product_cat?post=5411"},{"taxonomy":"product_tag","embeddable":true,"href":"https:\/\/maabmakeup.com\/inicio-2\/wp-json\/wp\/v2\/product_tag?post=5411"}],"curies":[{"name":"wp","href":"https:\/\/api.w.org\/{rel}","templated":true}]}}