{"id":5466,"date":"2024-09-05T20:09:57","date_gmt":"2024-09-05T18:09:57","guid":{"rendered":"https:\/\/maabmakeup.es\/?post_type=product&#038;p=5466"},"modified":"2026-02-09T18:58:23","modified_gmt":"2026-02-09T17:58:23","slug":"curso-gel-x","status":"publish","type":"product","link":"https:\/\/maabmakeup.com\/inicio-2\/tienda\/cursos\/curso-gel-x\/","title":{"rendered":"Curso Gel X"},"content":{"rendered":"<p>U\u00f1as de Sal\u00f3n en Tiempo R\u00e9cord<\/p>\n<p>Este curso te ense\u00f1a una t\u00e9cnica revolucionaria para crear u\u00f1as de sal\u00f3n r\u00e1pidas y perfectas utilizando tips predeterminados de resina de gel. Con este m\u00e9todo, optimizar\u00e1s tu tiempo de trabajo sin comprometer la calidad, logrando resultados impecables que encantar\u00e1n a tus clientas.<\/p>\n<p>\u00bfQu\u00e9 aprender\u00e1s?<br \/>\n<img decoding=\"async\" class=\"an1\" draggable=\"false\" src=\"https:\/\/fonts.gstatic.com\/s\/e\/notoemoji\/16.0\/1f485\/32.png\" alt=\"\ud83d\udc85\" data-emoji=\"\ud83d\udc85\" aria-label=\"\ud83d\udc85\" \/>\u00a0Preparaci\u00f3n de la u\u00f1a natural: Garantiza la adherencia y durabilidad de los tips.<br \/>\n<img decoding=\"async\" class=\"an1\" draggable=\"false\" src=\"https:\/\/fonts.gstatic.com\/s\/e\/notoemoji\/16.0\/1f485\/32.png\" alt=\"\ud83d\udc85\" data-emoji=\"\ud83d\udc85\" aria-label=\"\ud83d\udc85\" \/>\u00a0Aplicaci\u00f3n de tips de resina de gel: Aprende a colocar y ajustar los tips predeterminados para un acabado profesional.<br \/>\n<img decoding=\"async\" class=\"an1\" draggable=\"false\" src=\"https:\/\/fonts.gstatic.com\/s\/e\/notoemoji\/16.0\/1f485\/32.png\" alt=\"\ud83d\udc85\" data-emoji=\"\ud83d\udc85\" aria-label=\"\ud83d\udc85\" \/>\u00a0T\u00e9cnica optimizada para salones: Reduce los tiempos de servicio mientras aseguras resultados de alta calidad.<br \/>\n<img decoding=\"async\" class=\"an1\" draggable=\"false\" src=\"https:\/\/fonts.gstatic.com\/s\/e\/notoemoji\/16.0\/1f485\/32.png\" alt=\"\ud83d\udc85\" data-emoji=\"\ud83d\udc85\" aria-label=\"\ud83d\udc85\" \/>\u00a0Acabados impecables: Perfecciona la forma, el brillo y la resistencia de las u\u00f1as en cada aplicaci\u00f3n.<\/p>\n<p>\u00bfPor qu\u00e9 tomar este curso?<br \/>\n<img decoding=\"async\" class=\"an1\" draggable=\"false\" src=\"https:\/\/fonts.gstatic.com\/s\/e\/notoemoji\/16.0\/2714_fe0f\/32.png\" alt=\"\u2714\ufe0f\" data-emoji=\"\u2714\ufe0f\" aria-label=\"\u2714\ufe0f\" \/>\u00a0Ideal para quienes buscan optimizar su tiempo y aumentar su productividad en el sal\u00f3n.<br \/>\n<img decoding=\"async\" class=\"an1\" draggable=\"false\" src=\"https:\/\/fonts.gstatic.com\/s\/e\/notoemoji\/16.0\/2714_fe0f\/32.png\" alt=\"\u2714\ufe0f\" data-emoji=\"\u2714\ufe0f\" aria-label=\"\u2714\ufe0f\" \/>\u00a0Aprender\u00e1s una t\u00e9cnica innovadora y en tendencia que te diferenciar\u00e1 en el mercado.<br \/>\n<img decoding=\"async\" class=\"an1\" draggable=\"false\" src=\"https:\/\/fonts.gstatic.com\/s\/e\/notoemoji\/16.0\/2714_fe0f\/32.png\" alt=\"\u2714\ufe0f\" data-emoji=\"\u2714\ufe0f\" aria-label=\"\u2714\ufe0f\" \/>\u00a0Ofrecer\u00e1s un servicio r\u00e1pido y eficiente, perfecto para clientas con poco tiempo pero altas expectativas.<\/p>\n<p>Transforma tu forma de trabajar con esta t\u00e9cnica r\u00e1pida y sofisticada. \u00a1Haz que tus clientas luzcan u\u00f1as de sal\u00f3n en tiempo r\u00e9cord!<\/p>\n<p>Horario: 9:30- 18:30 H<\/p>\n<p>Lugar: C\/ Cabo Noval, 6 local 1. Academia MAAB Make up. MELILLA<\/p>\n<p>Solo debes llevar torno y pincel liner, el resto de lo materiales se prestan para durante la formaci\u00f3n.<\/p>\n<p>Para reservar tu plaza podemos indicarte las condiciones y posibilidades dd pago! Una vez hecho el pago, MUY IMPORTANTE, dejarme escrito por aqu\u00ed tu nombre y apellidos para el t\u00edtulo!!!<\/p>\n","protected":false},"excerpt":{"rendered":"<p>U\u00f1as de Sal\u00f3n en Tiempo R\u00e9cord Este curso te ense\u00f1a una t\u00e9cnica revolucionaria para crear u\u00f1as de sal\u00f3n r\u00e1pidas y<\/p>\n","protected":false},"featured_media":7895,"comment_status":"open","ping_status":"closed","template":"","meta":[],"product_brand":[],"product_cat":[138],"product_tag":[],"class_list":{"0":"post-5466","1":"product","2":"type-product","3":"status-publish","4":"has-post-thumbnail","6":"product_cat-cursos","8":"first","9":"instock","10":"purchasable","11":"product-type-simple"},"_links":{"self":[{"href":"https:\/\/maabmakeup.com\/inicio-2\/wp-json\/wp\/v2\/product\/5466","targetHints":{"allow":["GET"]}}],"collection":[{"href":"https:\/\/maabmakeup.com\/inicio-2\/wp-json\/wp\/v2\/product"}],"about":[{"href":"https:\/\/maabmakeup.com\/inicio-2\/wp-json\/wp\/v2\/types\/product"}],"replies":[{"embeddable":true,"href":"https:\/\/maabmakeup.com\/inicio-2\/wp-json\/wp\/v2\/comments?post=5466"}],"wp:featuredmedia":[{"embeddable":true,"href":"https:\/\/maabmakeup.com\/inicio-2\/wp-json\/wp\/v2\/media\/7895"}],"wp:attachment":[{"href":"https:\/\/maabmakeup.com\/inicio-2\/wp-json\/wp\/v2\/media?parent=5466"}],"wp:term":[{"taxonomy":"product_brand","embeddable":true,"href":"https:\/\/maabmakeup.com\/inicio-2\/wp-json\/wp\/v2\/product_brand?post=5466"},{"taxonomy":"product_cat","embeddable":true,"href":"https:\/\/maabmakeup.com\/inicio-2\/wp-json\/wp\/v2\/product_cat?post=5466"},{"taxonomy":"product_tag","embeddable":true,"href":"https:\/\/maabmakeup.com\/inicio-2\/wp-json\/wp\/v2\/product_tag?post=5466"}],"curies":[{"name":"wp","href":"https:\/\/api.w.org\/{rel}","templated":true}]}}