{"id":5499,"date":"2024-09-24T10:48:17","date_gmt":"2024-09-24T08:48:17","guid":{"rendered":"https:\/\/maabmakeup.es\/?post_type=product&#038;p=5499"},"modified":"2025-06-30T17:54:11","modified_gmt":"2025-06-30T15:54:11","slug":"gel-builder-fiber-milky","status":"publish","type":"product","link":"https:\/\/maabmakeup.com\/inicio-2\/tienda\/constructores\/gel-builder\/gel-builder-fiber-milky\/","title":{"rendered":"Gel Builder FIBER Milky IB Nails \u2013 30ml"},"content":{"rendered":"<p>Gel constructor milky.<\/p>\n<p>Contiene fibra de vidrio.<\/p>\n<p>Densidad media.<\/p>\n<p>Antial\u00e9rgico.<\/p>\n<p>Autonivelante.<\/p>\n<p>Gel de limado f\u00e1cil, permite trabajar r\u00e1pido y confortable.<\/p>\n<p>Disponibilidad: Hay existencias<\/p>\n","protected":false},"excerpt":{"rendered":"<p>Gel constructor milky. Contiene fibra de vidrio. Densidad media. Antial\u00e9rgico. Autonivelante. Gel de limado f\u00e1cil, permite trabajar r\u00e1pido y confortable.<\/p>\n","protected":false},"featured_media":5520,"comment_status":"open","ping_status":"closed","template":"","meta":[],"product_brand":[186],"product_cat":[226,233],"product_tag":[],"class_list":{"0":"post-5499","1":"product","2":"type-product","3":"status-publish","4":"has-post-thumbnail","6":"product_brand-illusion-beauty","7":"product_cat-constructores","8":"product_cat-gel-builder","10":"first","11":"instock","12":"purchasable","13":"product-type-simple"},"_links":{"self":[{"href":"https:\/\/maabmakeup.com\/inicio-2\/wp-json\/wp\/v2\/product\/5499","targetHints":{"allow":["GET"]}}],"collection":[{"href":"https:\/\/maabmakeup.com\/inicio-2\/wp-json\/wp\/v2\/product"}],"about":[{"href":"https:\/\/maabmakeup.com\/inicio-2\/wp-json\/wp\/v2\/types\/product"}],"replies":[{"embeddable":true,"href":"https:\/\/maabmakeup.com\/inicio-2\/wp-json\/wp\/v2\/comments?post=5499"}],"wp:featuredmedia":[{"embeddable":true,"href":"https:\/\/maabmakeup.com\/inicio-2\/wp-json\/wp\/v2\/media\/5520"}],"wp:attachment":[{"href":"https:\/\/maabmakeup.com\/inicio-2\/wp-json\/wp\/v2\/media?parent=5499"}],"wp:term":[{"taxonomy":"product_brand","embeddable":true,"href":"https:\/\/maabmakeup.com\/inicio-2\/wp-json\/wp\/v2\/product_brand?post=5499"},{"taxonomy":"product_cat","embeddable":true,"href":"https:\/\/maabmakeup.com\/inicio-2\/wp-json\/wp\/v2\/product_cat?post=5499"},{"taxonomy":"product_tag","embeddable":true,"href":"https:\/\/maabmakeup.com\/inicio-2\/wp-json\/wp\/v2\/product_tag?post=5499"}],"curies":[{"name":"wp","href":"https:\/\/api.w.org\/{rel}","templated":true}]}}