{"id":5552,"date":"2024-09-26T09:58:37","date_gmt":"2024-09-26T07:58:37","guid":{"rendered":"https:\/\/maabmakeup.es\/?post_type=product&#038;p=5552"},"modified":"2026-02-05T12:06:28","modified_gmt":"2026-02-05T11:06:28","slug":"gel-polish-flash-02-ibnailpro-5ml-lot-200424","status":"publish","type":"product","link":"https:\/\/maabmakeup.com\/inicio-2\/tienda\/esmaltes\/gel-polish-flash-02-ibnailpro-5ml-lot-200424\/","title":{"rendered":"Gel Polish FLASH 02 IBnailPRO \u2013 5ml lot. 200424"},"content":{"rendered":"<p>Brilla aun m\u00e1s con la luz y luces directas.<\/p>\n<p>Gel polish de f\u00e1cil aplicaci\u00f3n y gran cobertura.<\/p>\n<p>Autonivelante.<br \/>\nContiene capa adhesiva.<br \/>\nPara dise\u00f1o y cobertura completa.<br \/>\nAseg\u00farate de usar una imprimaci\u00f3n.<\/p>\n","protected":false},"excerpt":{"rendered":"<p>Brilla aun m\u00e1s con la luz y luces directas. Gel polish de f\u00e1cil aplicaci\u00f3n y gran cobertura. Autonivelante. Contiene capa<\/p>\n","protected":false},"featured_media":5553,"comment_status":"open","ping_status":"closed","template":"","meta":[],"product_brand":[186],"product_cat":[123],"product_tag":[],"class_list":{"0":"post-5552","1":"product","2":"type-product","3":"status-publish","4":"has-post-thumbnail","6":"product_brand-illusion-beauty","7":"product_cat-esmaltes","9":"first","10":"outofstock","11":"purchasable","12":"product-type-simple"},"_links":{"self":[{"href":"https:\/\/maabmakeup.com\/inicio-2\/wp-json\/wp\/v2\/product\/5552","targetHints":{"allow":["GET"]}}],"collection":[{"href":"https:\/\/maabmakeup.com\/inicio-2\/wp-json\/wp\/v2\/product"}],"about":[{"href":"https:\/\/maabmakeup.com\/inicio-2\/wp-json\/wp\/v2\/types\/product"}],"replies":[{"embeddable":true,"href":"https:\/\/maabmakeup.com\/inicio-2\/wp-json\/wp\/v2\/comments?post=5552"}],"wp:featuredmedia":[{"embeddable":true,"href":"https:\/\/maabmakeup.com\/inicio-2\/wp-json\/wp\/v2\/media\/5553"}],"wp:attachment":[{"href":"https:\/\/maabmakeup.com\/inicio-2\/wp-json\/wp\/v2\/media?parent=5552"}],"wp:term":[{"taxonomy":"product_brand","embeddable":true,"href":"https:\/\/maabmakeup.com\/inicio-2\/wp-json\/wp\/v2\/product_brand?post=5552"},{"taxonomy":"product_cat","embeddable":true,"href":"https:\/\/maabmakeup.com\/inicio-2\/wp-json\/wp\/v2\/product_cat?post=5552"},{"taxonomy":"product_tag","embeddable":true,"href":"https:\/\/maabmakeup.com\/inicio-2\/wp-json\/wp\/v2\/product_tag?post=5552"}],"curies":[{"name":"wp","href":"https:\/\/api.w.org\/{rel}","templated":true}]}}