{"id":556,"date":"2022-08-30T15:33:04","date_gmt":"2022-08-30T15:33:04","guid":{"rendered":"https:\/\/maabmakeup.es\/?post_type=product&#038;p=556"},"modified":"2026-01-30T21:43:06","modified_gmt":"2026-01-30T20:43:06","slug":"diamante-picado-no3-10ml","status":"publish","type":"product","link":"https:\/\/maabmakeup.com\/inicio-2\/tienda\/esmaltes\/diamante-picado\/diamante-picado-no3-10ml\/","title":{"rendered":"DIAMANTE PICADO N\u00ba3-7ML"},"content":{"rendered":"<p>Esmalte semipermanente con efecto diamante megabrillo, contiene finos y grandes glitters. Se puede utilizar en decoraci\u00f3n. Contiene capa pegajosa. Aseg\u00farate de usar una imprimaci\u00f3n.<\/p>\n","protected":false},"excerpt":{"rendered":"<p>Esmalte semipermanente con efecto diamante megabrillo, contiene finos y grandes glitters. Se puede utilizar en decoraci\u00f3n. Contiene capa pegajosa. Aseg\u00farate<\/p>\n","protected":false},"featured_media":550,"comment_status":"open","ping_status":"closed","template":"","meta":[],"product_brand":[208],"product_cat":[51,123,176],"product_tag":[],"class_list":{"0":"post-556","1":"product","2":"type-product","3":"status-publish","4":"has-post-thumbnail","6":"product_brand-nika-nagel","7":"product_cat-diamante-picado","8":"product_cat-esmaltes","9":"product_cat-ofertas","11":"first","12":"outofstock","13":"sale","14":"purchasable","15":"product-type-simple"},"_links":{"self":[{"href":"https:\/\/maabmakeup.com\/inicio-2\/wp-json\/wp\/v2\/product\/556","targetHints":{"allow":["GET"]}}],"collection":[{"href":"https:\/\/maabmakeup.com\/inicio-2\/wp-json\/wp\/v2\/product"}],"about":[{"href":"https:\/\/maabmakeup.com\/inicio-2\/wp-json\/wp\/v2\/types\/product"}],"replies":[{"embeddable":true,"href":"https:\/\/maabmakeup.com\/inicio-2\/wp-json\/wp\/v2\/comments?post=556"}],"wp:featuredmedia":[{"embeddable":true,"href":"https:\/\/maabmakeup.com\/inicio-2\/wp-json\/wp\/v2\/media\/550"}],"wp:attachment":[{"href":"https:\/\/maabmakeup.com\/inicio-2\/wp-json\/wp\/v2\/media?parent=556"}],"wp:term":[{"taxonomy":"product_brand","embeddable":true,"href":"https:\/\/maabmakeup.com\/inicio-2\/wp-json\/wp\/v2\/product_brand?post=556"},{"taxonomy":"product_cat","embeddable":true,"href":"https:\/\/maabmakeup.com\/inicio-2\/wp-json\/wp\/v2\/product_cat?post=556"},{"taxonomy":"product_tag","embeddable":true,"href":"https:\/\/maabmakeup.com\/inicio-2\/wp-json\/wp\/v2\/product_tag?post=556"}],"curies":[{"name":"wp","href":"https:\/\/api.w.org\/{rel}","templated":true}]}}