{"id":5613,"date":"2024-09-26T13:23:08","date_gmt":"2024-09-26T11:23:08","guid":{"rendered":"https:\/\/maabmakeup.es\/?post_type=product&#038;p=5613"},"modified":"2026-03-17T11:35:55","modified_gmt":"2026-03-17T10:35:55","slug":"mini-lampara-led-uv-rosa-recargable-ib-nails-color-blanco","status":"publish","type":"product","link":"https:\/\/maabmakeup.com\/inicio-2\/tienda\/accesorios\/mini-lampara-led-uv-rosa-recargable-ib-nails-color-blanco\/","title":{"rendered":"Mini l\u00e1mpara Led UV ROSA recargable IB Nails color blanco"},"content":{"rendered":"<p>Mini l\u00e1mpara led UV  para el secado de los trabajos de manicura, tips, dise\u00f1o, pedrer\u00eda, decoraci\u00f3n&#8230;<\/p>\n<p>Color de la iluminaci\u00f3n ROSA \u00f0\u0178\u02dc\u008d<\/p>\n<p>Recargable mediante cable USB C (incluido) con cualquier adaptador de tel\u00e9fono m\u00f3vil de 5 voltios 2 amperios (no incluido).<\/p>\n<p>Con soporte de sobremesa articulado a juego.<\/p>\n<p>T\u00e1ctil y bot\u00f3n.<\/p>\n<p>Pantalla retroiluminada con temporizador de 30 segundos y 60 segundos.<\/p>\n<p>Potencia: 9 Watios.<\/p>\n<p>Longitud de onda ultravioleta: 365nm + 405nm.<\/p>\n","protected":false},"excerpt":{"rendered":"<p>Mini l\u00e1mpara led UV para el secado de los trabajos de manicura, tips, dise\u00f1o, pedrer\u00eda, decoraci\u00f3n&#8230; Color de la iluminaci\u00f3n<\/p>\n","protected":false},"featured_media":5614,"comment_status":"open","ping_status":"closed","template":"","meta":[],"product_brand":[186],"product_cat":[107],"product_tag":[],"class_list":{"0":"post-5613","1":"product","2":"type-product","3":"status-publish","4":"has-post-thumbnail","6":"product_brand-illusion-beauty","7":"product_cat-accesorios","9":"first","10":"instock","11":"purchasable","12":"product-type-simple"},"_links":{"self":[{"href":"https:\/\/maabmakeup.com\/inicio-2\/wp-json\/wp\/v2\/product\/5613","targetHints":{"allow":["GET"]}}],"collection":[{"href":"https:\/\/maabmakeup.com\/inicio-2\/wp-json\/wp\/v2\/product"}],"about":[{"href":"https:\/\/maabmakeup.com\/inicio-2\/wp-json\/wp\/v2\/types\/product"}],"replies":[{"embeddable":true,"href":"https:\/\/maabmakeup.com\/inicio-2\/wp-json\/wp\/v2\/comments?post=5613"}],"wp:featuredmedia":[{"embeddable":true,"href":"https:\/\/maabmakeup.com\/inicio-2\/wp-json\/wp\/v2\/media\/5614"}],"wp:attachment":[{"href":"https:\/\/maabmakeup.com\/inicio-2\/wp-json\/wp\/v2\/media?parent=5613"}],"wp:term":[{"taxonomy":"product_brand","embeddable":true,"href":"https:\/\/maabmakeup.com\/inicio-2\/wp-json\/wp\/v2\/product_brand?post=5613"},{"taxonomy":"product_cat","embeddable":true,"href":"https:\/\/maabmakeup.com\/inicio-2\/wp-json\/wp\/v2\/product_cat?post=5613"},{"taxonomy":"product_tag","embeddable":true,"href":"https:\/\/maabmakeup.com\/inicio-2\/wp-json\/wp\/v2\/product_tag?post=5613"}],"curies":[{"name":"wp","href":"https:\/\/api.w.org\/{rel}","templated":true}]}}