{"id":5615,"date":"2024-09-26T13:28:44","date_gmt":"2024-09-26T11:28:44","guid":{"rendered":"https:\/\/maabmakeup.es\/?post_type=product&#038;p=5615"},"modified":"2025-08-08T14:11:16","modified_gmt":"2025-08-08T12:11:16","slug":"aerografo-portatil-recargable-rosa-ibairpro","status":"publish","type":"product","link":"https:\/\/maabmakeup.com\/inicio-2\/tienda\/aparatologia-maquinaria\/aerografo-portatil-recargable-rosa-ibairpro\/","title":{"rendered":"Aer\u00f3grafo port\u00e1til recargable rosa IBairPRO"},"content":{"rendered":"<p> Aer\u00f3grafo port\u00e1til.<\/p>\n<p> Compresor con 3 modos de potencia.<\/p>\n<p> Recargable mediante usb C, incluye cable pero no adaptador, se puede usar cualquier adaptador de tel\u00e9fono m\u00f3vil de m\u00e1ximo 5 voltios.<\/p>\n<p> Usar \u00fanicamente con Gel Polish marca IBnailPRO. Mezcla recomendada: una gota de Gel Polish IBnailPRO x dos gotas de Cleanser transparente IBnailPRO.<\/p>\n<p>NOTA IMPORTANTE: NO VALIDO CON PINTURAS AL AGUA O ACR\u00cdLICAS.<\/p>\n","protected":false},"excerpt":{"rendered":"<p>Aer\u00f3grafo port\u00e1til. Compresor con 3 modos de potencia. Recargable mediante usb C, incluye cable pero no adaptador, se puede usar<\/p>\n","protected":false},"featured_media":5616,"comment_status":"open","ping_status":"closed","template":"","meta":[],"product_brand":[186],"product_cat":[169],"product_tag":[],"class_list":{"0":"post-5615","1":"product","2":"type-product","3":"status-publish","4":"has-post-thumbnail","6":"product_brand-illusion-beauty","7":"product_cat-aparatologia-maquinaria","9":"first","10":"instock","11":"purchasable","12":"product-type-simple"},"_links":{"self":[{"href":"https:\/\/maabmakeup.com\/inicio-2\/wp-json\/wp\/v2\/product\/5615","targetHints":{"allow":["GET"]}}],"collection":[{"href":"https:\/\/maabmakeup.com\/inicio-2\/wp-json\/wp\/v2\/product"}],"about":[{"href":"https:\/\/maabmakeup.com\/inicio-2\/wp-json\/wp\/v2\/types\/product"}],"replies":[{"embeddable":true,"href":"https:\/\/maabmakeup.com\/inicio-2\/wp-json\/wp\/v2\/comments?post=5615"}],"wp:featuredmedia":[{"embeddable":true,"href":"https:\/\/maabmakeup.com\/inicio-2\/wp-json\/wp\/v2\/media\/5616"}],"wp:attachment":[{"href":"https:\/\/maabmakeup.com\/inicio-2\/wp-json\/wp\/v2\/media?parent=5615"}],"wp:term":[{"taxonomy":"product_brand","embeddable":true,"href":"https:\/\/maabmakeup.com\/inicio-2\/wp-json\/wp\/v2\/product_brand?post=5615"},{"taxonomy":"product_cat","embeddable":true,"href":"https:\/\/maabmakeup.com\/inicio-2\/wp-json\/wp\/v2\/product_cat?post=5615"},{"taxonomy":"product_tag","embeddable":true,"href":"https:\/\/maabmakeup.com\/inicio-2\/wp-json\/wp\/v2\/product_tag?post=5615"}],"curies":[{"name":"wp","href":"https:\/\/api.w.org\/{rel}","templated":true}]}}