{"id":5692,"date":"2024-10-22T13:11:25","date_gmt":"2024-10-22T11:11:25","guid":{"rendered":"https:\/\/maabmakeup.es\/?post_type=product&#038;p=5692"},"modified":"2026-03-13T11:51:15","modified_gmt":"2026-03-13T10:51:15","slug":"gummy-cover-constructor-ilusion-beauty-30ml","status":"publish","type":"product","link":"https:\/\/maabmakeup.com\/inicio-2\/tienda\/constructores\/gummy\/gummy-cover-constructor-ilusion-beauty-30ml\/","title":{"rendered":"GUMMY COVER CONSTRUCTOR ILUSION BEAUTY 30ML"},"content":{"rendered":"<p>Gummy es un producto revolucionario en el mundo de las u\u00f1as, su densidad es muy espesa y debes moldearlo con un palito de naranjo o los propios dedos, con el pincel no te lo recomendamos ya que es duro,<\/p>\n<p>Tiene la resistencia de un acr\u00edlico y a la hora de retirarlo te recuerda a unas u\u00f1as de acr\u00edlico por su dureza. <\/p>\n<p>Tambi\u00e9n puedes usarlo en capas finas porque es flexible cuando se aplica poco producto. <\/p>\n<p>No tiene capa pegajosa, no necesita ning\u00fan l\u00edquido especial.<\/p>\n<p>Es muy aconsejable usarlo con el sistema dual para evitar poner capas gruesas y evitar limarlo.<\/p>\n<p>Debes secarlo en l\u00e1mpara 60 segundos.<\/p>\n","protected":false},"excerpt":{"rendered":"<p>Gummy es un producto revolucionario en el mundo de las u\u00f1as, su densidad es muy espesa y debes moldearlo con<\/p>\n","protected":false},"featured_media":5693,"comment_status":"open","ping_status":"closed","template":"","meta":[],"product_brand":[186],"product_cat":[226,229],"product_tag":[],"class_list":{"0":"post-5692","1":"product","2":"type-product","3":"status-publish","4":"has-post-thumbnail","6":"product_brand-illusion-beauty","7":"product_cat-constructores","8":"product_cat-gummy","10":"first","11":"outofstock","12":"purchasable","13":"product-type-simple"},"_links":{"self":[{"href":"https:\/\/maabmakeup.com\/inicio-2\/wp-json\/wp\/v2\/product\/5692","targetHints":{"allow":["GET"]}}],"collection":[{"href":"https:\/\/maabmakeup.com\/inicio-2\/wp-json\/wp\/v2\/product"}],"about":[{"href":"https:\/\/maabmakeup.com\/inicio-2\/wp-json\/wp\/v2\/types\/product"}],"replies":[{"embeddable":true,"href":"https:\/\/maabmakeup.com\/inicio-2\/wp-json\/wp\/v2\/comments?post=5692"}],"wp:featuredmedia":[{"embeddable":true,"href":"https:\/\/maabmakeup.com\/inicio-2\/wp-json\/wp\/v2\/media\/5693"}],"wp:attachment":[{"href":"https:\/\/maabmakeup.com\/inicio-2\/wp-json\/wp\/v2\/media?parent=5692"}],"wp:term":[{"taxonomy":"product_brand","embeddable":true,"href":"https:\/\/maabmakeup.com\/inicio-2\/wp-json\/wp\/v2\/product_brand?post=5692"},{"taxonomy":"product_cat","embeddable":true,"href":"https:\/\/maabmakeup.com\/inicio-2\/wp-json\/wp\/v2\/product_cat?post=5692"},{"taxonomy":"product_tag","embeddable":true,"href":"https:\/\/maabmakeup.com\/inicio-2\/wp-json\/wp\/v2\/product_tag?post=5692"}],"curies":[{"name":"wp","href":"https:\/\/api.w.org\/{rel}","templated":true}]}}