{"id":5699,"date":"2024-10-22T13:52:36","date_gmt":"2024-10-22T11:52:36","guid":{"rendered":"https:\/\/maabmakeup.es\/?post_type=product&#038;p=5699"},"modified":"2026-02-04T17:08:12","modified_gmt":"2026-02-04T16:08:12","slug":"sticky-base-ilusion-beauty-15ml-base-rubber-extra","status":"publish","type":"product","link":"https:\/\/maabmakeup.com\/inicio-2\/tienda\/base\/flexible\/sticky-base-ilusion-beauty-15ml-base-rubber-extra\/","title":{"rendered":"STICKY BASE ILUSION BEAUTY 15ML BASE RUBBER EXTRA"},"content":{"rendered":"<p>Es una base flexible con much\u00edsima adhesi\u00f3n para pegar los tips expres o press on, \u00fasala tambi\u00e9n como prebase o base rubber antes de hacer tu manicura con refuerzo o nivelaci\u00f3n de u\u00f1as.<\/p>\n<p>Es la base con m\u00e1s adhesi\u00f3n de la marca Ilusion Beauty.<\/p>\n","protected":false},"excerpt":{"rendered":"<p>Es una base flexible con much\u00edsima adhesi\u00f3n para pegar los tips expres o press on, \u00fasala tambi\u00e9n como prebase o<\/p>\n","protected":false},"featured_media":5700,"comment_status":"open","ping_status":"closed","template":"","meta":[],"product_brand":[186],"product_cat":[36,234],"product_tag":[],"class_list":{"0":"post-5699","1":"product","2":"type-product","3":"status-publish","4":"has-post-thumbnail","6":"product_brand-illusion-beauty","7":"product_cat-base","8":"product_cat-flexible","10":"first","11":"outofstock","12":"purchasable","13":"product-type-simple"},"_links":{"self":[{"href":"https:\/\/maabmakeup.com\/inicio-2\/wp-json\/wp\/v2\/product\/5699","targetHints":{"allow":["GET"]}}],"collection":[{"href":"https:\/\/maabmakeup.com\/inicio-2\/wp-json\/wp\/v2\/product"}],"about":[{"href":"https:\/\/maabmakeup.com\/inicio-2\/wp-json\/wp\/v2\/types\/product"}],"replies":[{"embeddable":true,"href":"https:\/\/maabmakeup.com\/inicio-2\/wp-json\/wp\/v2\/comments?post=5699"}],"wp:featuredmedia":[{"embeddable":true,"href":"https:\/\/maabmakeup.com\/inicio-2\/wp-json\/wp\/v2\/media\/5700"}],"wp:attachment":[{"href":"https:\/\/maabmakeup.com\/inicio-2\/wp-json\/wp\/v2\/media?parent=5699"}],"wp:term":[{"taxonomy":"product_brand","embeddable":true,"href":"https:\/\/maabmakeup.com\/inicio-2\/wp-json\/wp\/v2\/product_brand?post=5699"},{"taxonomy":"product_cat","embeddable":true,"href":"https:\/\/maabmakeup.com\/inicio-2\/wp-json\/wp\/v2\/product_cat?post=5699"},{"taxonomy":"product_tag","embeddable":true,"href":"https:\/\/maabmakeup.com\/inicio-2\/wp-json\/wp\/v2\/product_tag?post=5699"}],"curies":[{"name":"wp","href":"https:\/\/api.w.org\/{rel}","templated":true}]}}