{"id":5704,"date":"2024-10-23T11:09:24","date_gmt":"2024-10-23T09:09:24","guid":{"rendered":"https:\/\/maabmakeup.es\/?post_type=product&#038;p=5704"},"modified":"2026-03-23T18:12:09","modified_gmt":"2026-03-23T17:12:09","slug":"easy-base-2-gel-en-bote-15ml-base-builder-sin-prebase","status":"publish","type":"product","link":"https:\/\/maabmakeup.com\/inicio-2\/tienda\/base\/rigida\/easy-base-2-gel-en-bote-15ml-base-builder-sin-prebase\/","title":{"rendered":"EASY BASE 2 (GEL EN BOTE) 15ML BASE BUILDER SIN PREBASE"},"content":{"rendered":"<p>Base r\u00edgida para nivelaci\u00f3n de u\u00f1as. Usa \u00e9sta base r\u00edgida para hacer refuerzos en tu manicura semipermanente, es ideal para u\u00f1as largas, u\u00f1as d\u00e9biles o incluso puedes alargar 2mm con ella.<\/p>\n<p>Su densidad es alta, es espesa, es un gel constructor en bote.<\/p>\n<p>No te recomiendo poner capas finas de bases r\u00edgida, ni usarla para pedicura. <\/p>\n<p>Lo especial de \u00e9sta nueva base r\u00edgida es que no hace falta poner pre-base, es decir no necesita base rubber debajo.<\/p>\n<p>15ml <\/p>\n","protected":false},"excerpt":{"rendered":"<p>Base r\u00edgida para nivelaci\u00f3n de u\u00f1as. Usa \u00e9sta base r\u00edgida para hacer refuerzos en tu manicura semipermanente, es ideal para<\/p>\n","protected":false},"featured_media":5705,"comment_status":"open","ping_status":"closed","template":"","meta":[],"product_brand":[186],"product_cat":[36,235],"product_tag":[],"class_list":{"0":"post-5704","1":"product","2":"type-product","3":"status-publish","4":"has-post-thumbnail","6":"product_brand-illusion-beauty","7":"product_cat-base","8":"product_cat-rigida","10":"first","11":"outofstock","12":"purchasable","13":"product-type-simple"},"_links":{"self":[{"href":"https:\/\/maabmakeup.com\/inicio-2\/wp-json\/wp\/v2\/product\/5704","targetHints":{"allow":["GET"]}}],"collection":[{"href":"https:\/\/maabmakeup.com\/inicio-2\/wp-json\/wp\/v2\/product"}],"about":[{"href":"https:\/\/maabmakeup.com\/inicio-2\/wp-json\/wp\/v2\/types\/product"}],"replies":[{"embeddable":true,"href":"https:\/\/maabmakeup.com\/inicio-2\/wp-json\/wp\/v2\/comments?post=5704"}],"wp:featuredmedia":[{"embeddable":true,"href":"https:\/\/maabmakeup.com\/inicio-2\/wp-json\/wp\/v2\/media\/5705"}],"wp:attachment":[{"href":"https:\/\/maabmakeup.com\/inicio-2\/wp-json\/wp\/v2\/media?parent=5704"}],"wp:term":[{"taxonomy":"product_brand","embeddable":true,"href":"https:\/\/maabmakeup.com\/inicio-2\/wp-json\/wp\/v2\/product_brand?post=5704"},{"taxonomy":"product_cat","embeddable":true,"href":"https:\/\/maabmakeup.com\/inicio-2\/wp-json\/wp\/v2\/product_cat?post=5704"},{"taxonomy":"product_tag","embeddable":true,"href":"https:\/\/maabmakeup.com\/inicio-2\/wp-json\/wp\/v2\/product_tag?post=5704"}],"curies":[{"name":"wp","href":"https:\/\/api.w.org\/{rel}","templated":true}]}}