{"id":5720,"date":"2024-10-23T12:59:22","date_gmt":"2024-10-23T10:59:22","guid":{"rendered":"https:\/\/maabmakeup.es\/?post_type=product&#038;p=5720"},"modified":"2026-03-02T17:17:02","modified_gmt":"2026-03-02T16:17:02","slug":"puntas-de-carburo-cono-truncado-6-mm-ft70b060-14-fresa-retirada","status":"publish","type":"product","link":"https:\/\/maabmakeup.com\/inicio-2\/tienda\/accesorios\/fresas\/carburo\/puntas-de-carburo-cono-truncado-6-mm-ft70b060-14-fresa-retirada\/","title":{"rendered":"Puntas De Carburo, \u00abCono Truncado\u00bb 6 Mm FT70B060\/14 FRESA RETIRADA"},"content":{"rendered":"<p>FRESA DE MANICURA PARA RETIRADA DE ESMALTES SEMIPERMANENTE O REFUERZO DE GEL.<\/p>\n<p>EN MANICURA:<\/p>\n<p>Para la eliminaci\u00f3n de recubrimientos h\u00edbridos, de gel y de acr\u00edlico.<\/p>\n<p>Para la correcci\u00f3n de forma de las u\u00f1as.<\/p>\n<p>Preparaci\u00f3n r\u00e1pida de cut\u00edculas.<\/p>\n","protected":false},"excerpt":{"rendered":"<p>FRESA DE MANICURA PARA RETIRADA DE ESMALTES SEMIPERMANENTE O REFUERZO DE GEL. EN MANICURA: Para la eliminaci\u00f3n de recubrimientos h\u00edbridos,<\/p>\n","protected":false},"featured_media":5721,"comment_status":"open","ping_status":"closed","template":"","meta":[],"product_brand":[],"product_cat":[102,56],"product_tag":[],"class_list":{"0":"post-5720","1":"product","2":"type-product","3":"status-publish","4":"has-post-thumbnail","6":"product_cat-carburo","7":"product_cat-fresas","9":"first","10":"outofstock","11":"purchasable","12":"product-type-simple"},"_links":{"self":[{"href":"https:\/\/maabmakeup.com\/inicio-2\/wp-json\/wp\/v2\/product\/5720","targetHints":{"allow":["GET"]}}],"collection":[{"href":"https:\/\/maabmakeup.com\/inicio-2\/wp-json\/wp\/v2\/product"}],"about":[{"href":"https:\/\/maabmakeup.com\/inicio-2\/wp-json\/wp\/v2\/types\/product"}],"replies":[{"embeddable":true,"href":"https:\/\/maabmakeup.com\/inicio-2\/wp-json\/wp\/v2\/comments?post=5720"}],"wp:featuredmedia":[{"embeddable":true,"href":"https:\/\/maabmakeup.com\/inicio-2\/wp-json\/wp\/v2\/media\/5721"}],"wp:attachment":[{"href":"https:\/\/maabmakeup.com\/inicio-2\/wp-json\/wp\/v2\/media?parent=5720"}],"wp:term":[{"taxonomy":"product_brand","embeddable":true,"href":"https:\/\/maabmakeup.com\/inicio-2\/wp-json\/wp\/v2\/product_brand?post=5720"},{"taxonomy":"product_cat","embeddable":true,"href":"https:\/\/maabmakeup.com\/inicio-2\/wp-json\/wp\/v2\/product_cat?post=5720"},{"taxonomy":"product_tag","embeddable":true,"href":"https:\/\/maabmakeup.com\/inicio-2\/wp-json\/wp\/v2\/product_tag?post=5720"}],"curies":[{"name":"wp","href":"https:\/\/api.w.org\/{rel}","templated":true}]}}