{"id":5722,"date":"2024-10-23T13:08:03","date_gmt":"2024-10-23T11:08:03","guid":{"rendered":"https:\/\/maabmakeup.es\/?post_type=product&#038;p=5722"},"modified":"2025-07-01T15:41:29","modified_gmt":"2025-07-01T13:41:29","slug":"fresa-manicura-de-diamante-para-unas-duo-llama-azul-verde-expert-diametro-del-cabezal-21mm-parte-de-trabajo-8mm-staleks-40-sku-fa11bg021-8","status":"publish","type":"product","link":"https:\/\/maabmakeup.com\/inicio-2\/tienda\/accesorios\/fresas\/manicura\/fresa-manicura-de-diamante-para-unas-duo-llama-azul-verde-expert-diametro-del-cabezal-21mm-parte-de-trabajo-8mm-staleks-40-sku-fa11bg021-8\/","title":{"rendered":"Fresa manicura de diamante para u\u00f1as DUO Llama Azul-Verde EXPERT, di\u00e1metro del cabezal 2,1mm \/ parte de trabajo 8mm Staleks #40 SKU: FA11BG021\/8"},"content":{"rendered":"<p>Boquilla de diamante para hardware de manicura\/pedicura.<br \/>\nMuesca azul-verde con abrasividad media-dura para el procesamiento de pieles sensibles; apropiada tanto para principiantes como para especialistas expertos.<br \/>\nLa forma \u00abllama afilada\u00bb es para procesar cut\u00edculas, pliegues laterales de las u\u00f1as y limar desprendimientos sin riesgo de da\u00f1ar la piel.<br \/>\nEl doble recubrimiento de diamante aumenta significativamente la vida \u00fatil de la broca para u\u00f1as.<br \/>\nEn manicura:<\/p>\n<p>Levantamiento y eliminaci\u00f3n de cut\u00edculas.<br \/>\nProcesamiento de pliegues ungueales laterales.<br \/>\nProcesamiento de senos periungueales.<br \/>\nEn pedicura\/podolog\u00eda:<\/p>\n<p>Tratamiento de grietas, callosidades.<br \/>\nRecubrimiento de diamante de alta calidad.<br \/>\nPuede ser sometido a todo tipo de esterilizaci\u00f3n y desinfecci\u00f3n.<br \/>\nResistente a la corrosi\u00f3n.<\/p>\n","protected":false},"excerpt":{"rendered":"<p>Boquilla de diamante para hardware de manicura\/pedicura. Muesca azul-verde con abrasividad media-dura para el procesamiento de pieles sensibles; apropiada tanto<\/p>\n","protected":false},"featured_media":5723,"comment_status":"open","ping_status":"closed","template":"","meta":[],"product_brand":[],"product_cat":[56,100],"product_tag":[],"class_list":{"0":"post-5722","1":"product","2":"type-product","3":"status-publish","4":"has-post-thumbnail","6":"product_cat-fresas","7":"product_cat-manicura","9":"first","10":"instock","11":"purchasable","12":"product-type-simple"},"_links":{"self":[{"href":"https:\/\/maabmakeup.com\/inicio-2\/wp-json\/wp\/v2\/product\/5722","targetHints":{"allow":["GET"]}}],"collection":[{"href":"https:\/\/maabmakeup.com\/inicio-2\/wp-json\/wp\/v2\/product"}],"about":[{"href":"https:\/\/maabmakeup.com\/inicio-2\/wp-json\/wp\/v2\/types\/product"}],"replies":[{"embeddable":true,"href":"https:\/\/maabmakeup.com\/inicio-2\/wp-json\/wp\/v2\/comments?post=5722"}],"wp:featuredmedia":[{"embeddable":true,"href":"https:\/\/maabmakeup.com\/inicio-2\/wp-json\/wp\/v2\/media\/5723"}],"wp:attachment":[{"href":"https:\/\/maabmakeup.com\/inicio-2\/wp-json\/wp\/v2\/media?parent=5722"}],"wp:term":[{"taxonomy":"product_brand","embeddable":true,"href":"https:\/\/maabmakeup.com\/inicio-2\/wp-json\/wp\/v2\/product_brand?post=5722"},{"taxonomy":"product_cat","embeddable":true,"href":"https:\/\/maabmakeup.com\/inicio-2\/wp-json\/wp\/v2\/product_cat?post=5722"},{"taxonomy":"product_tag","embeddable":true,"href":"https:\/\/maabmakeup.com\/inicio-2\/wp-json\/wp\/v2\/product_tag?post=5722"}],"curies":[{"name":"wp","href":"https:\/\/api.w.org\/{rel}","templated":true}]}}