{"id":5725,"date":"2024-10-23T13:15:37","date_gmt":"2024-10-23T11:15:37","guid":{"rendered":"https:\/\/maabmakeup.es\/?post_type=product&#038;p=5725"},"modified":"2025-08-19T16:16:59","modified_gmt":"2025-08-19T14:16:59","slug":"fresa-manicura-punta-diamante-mazorca-puntiaguda-1-8-mm-staleks-31-sku-fa60b018-4","status":"publish","type":"product","link":"https:\/\/maabmakeup.com\/inicio-2\/tienda\/accesorios\/fresas\/manicura\/fresa-manicura-punta-diamante-mazorca-puntiaguda-1-8-mm-staleks-31-sku-fa60b018-4\/","title":{"rendered":"Fresa manicura Punta Diamante, \u00abMazorca Puntiaguda\u00bb 1.8 Mm Staleks #31 SKU: FA60B018\/4"},"content":{"rendered":"<p>Levantar y quitar la cut\u00edcula.<br \/>\nEliminaci\u00f3n de pterigi\u00f3n.<br \/>\nProcesamiento de pliegues laterales.<br \/>\nTratamiento de los senos laterales.<br \/>\nEstudio de los senos paraungueales.<\/p>\n","protected":false},"excerpt":{"rendered":"<p>Levantar y quitar la cut\u00edcula. Eliminaci\u00f3n de pterigi\u00f3n. Procesamiento de pliegues laterales. Tratamiento de los senos laterales. Estudio de los<\/p>\n","protected":false},"featured_media":5726,"comment_status":"open","ping_status":"closed","template":"","meta":[],"product_brand":[],"product_cat":[56,100],"product_tag":[],"class_list":{"0":"post-5725","1":"product","2":"type-product","3":"status-publish","4":"has-post-thumbnail","6":"product_cat-fresas","7":"product_cat-manicura","9":"first","10":"instock","11":"purchasable","12":"product-type-simple"},"_links":{"self":[{"href":"https:\/\/maabmakeup.com\/inicio-2\/wp-json\/wp\/v2\/product\/5725","targetHints":{"allow":["GET"]}}],"collection":[{"href":"https:\/\/maabmakeup.com\/inicio-2\/wp-json\/wp\/v2\/product"}],"about":[{"href":"https:\/\/maabmakeup.com\/inicio-2\/wp-json\/wp\/v2\/types\/product"}],"replies":[{"embeddable":true,"href":"https:\/\/maabmakeup.com\/inicio-2\/wp-json\/wp\/v2\/comments?post=5725"}],"wp:featuredmedia":[{"embeddable":true,"href":"https:\/\/maabmakeup.com\/inicio-2\/wp-json\/wp\/v2\/media\/5726"}],"wp:attachment":[{"href":"https:\/\/maabmakeup.com\/inicio-2\/wp-json\/wp\/v2\/media?parent=5725"}],"wp:term":[{"taxonomy":"product_brand","embeddable":true,"href":"https:\/\/maabmakeup.com\/inicio-2\/wp-json\/wp\/v2\/product_brand?post=5725"},{"taxonomy":"product_cat","embeddable":true,"href":"https:\/\/maabmakeup.com\/inicio-2\/wp-json\/wp\/v2\/product_cat?post=5725"},{"taxonomy":"product_tag","embeddable":true,"href":"https:\/\/maabmakeup.com\/inicio-2\/wp-json\/wp\/v2\/product_tag?post=5725"}],"curies":[{"name":"wp","href":"https:\/\/api.w.org\/{rel}","templated":true}]}}