{"id":5727,"date":"2024-10-23T13:19:05","date_gmt":"2024-10-23T11:19:05","guid":{"rendered":"https:\/\/maabmakeup.es\/?post_type=product&#038;p=5727"},"modified":"2025-07-01T15:40:42","modified_gmt":"2025-07-01T13:40:42","slug":"fresa-manicura-diamante-pera-redondeada-5mm-staleks-37-sku-fa101b050-12","status":"publish","type":"product","link":"https:\/\/maabmakeup.com\/inicio-2\/tienda\/accesorios\/fresas\/manicura\/fresa-manicura-diamante-pera-redondeada-5mm-staleks-37-sku-fa101b050-12\/","title":{"rendered":"Fresa manicura Diamante \u00abPera Redondeada\u00bb 5mm Staleks #37 SKU: FA101B050\/12"},"content":{"rendered":"<p>Boquilla diamantada para manicura\/pedicura de ferreter\u00eda.<br \/>\nMuesca azul de abrasividad media para el procesamiento delicado de la piel, adecuada para principiantes y t\u00e9cnicos experimentados.<br \/>\nLa forma de \u00abpera afilada\u00bb est\u00e1 pensada para procesar la cut\u00edcula y los pliegues laterales de la u\u00f1a, as\u00ed como para limpiar la placa de la u\u00f1a de la epidermis.<br \/>\nRecubrimiento de diamante de alta calidad.<br \/>\nPuede someterse a todo tipo de esterilizaci\u00f3n y desinfecci\u00f3n.<br \/>\nResistente a la corrosi\u00f3n.<br \/>\nEn manicura:<\/p>\n<p>Levantamiento y retirada de cut\u00edculas.<br \/>\nTratamiento de los pliegues laterales de la u\u00f1a.<br \/>\nEliminaci\u00f3n del pterigi\u00f3n.<br \/>\nApertura de senos.<br \/>\nTratamiento de los senos periungueales.<br \/>\nPulido de la l\u00e1mina ungueal.<br \/>\nEn pedicura:<\/p>\n<p>Apertura y pulido de grietas.<br \/>\nTratamiento y eliminaci\u00f3n de callosidades.<\/p>\n","protected":false},"excerpt":{"rendered":"<p>Boquilla diamantada para manicura\/pedicura de ferreter\u00eda. Muesca azul de abrasividad media para el procesamiento delicado de la piel, adecuada para<\/p>\n","protected":false},"featured_media":5728,"comment_status":"open","ping_status":"closed","template":"","meta":[],"product_brand":[],"product_cat":[56,100],"product_tag":[],"class_list":{"0":"post-5727","1":"product","2":"type-product","3":"status-publish","4":"has-post-thumbnail","6":"product_cat-fresas","7":"product_cat-manicura","9":"first","10":"instock","11":"purchasable","12":"product-type-simple"},"_links":{"self":[{"href":"https:\/\/maabmakeup.com\/inicio-2\/wp-json\/wp\/v2\/product\/5727","targetHints":{"allow":["GET"]}}],"collection":[{"href":"https:\/\/maabmakeup.com\/inicio-2\/wp-json\/wp\/v2\/product"}],"about":[{"href":"https:\/\/maabmakeup.com\/inicio-2\/wp-json\/wp\/v2\/types\/product"}],"replies":[{"embeddable":true,"href":"https:\/\/maabmakeup.com\/inicio-2\/wp-json\/wp\/v2\/comments?post=5727"}],"wp:featuredmedia":[{"embeddable":true,"href":"https:\/\/maabmakeup.com\/inicio-2\/wp-json\/wp\/v2\/media\/5728"}],"wp:attachment":[{"href":"https:\/\/maabmakeup.com\/inicio-2\/wp-json\/wp\/v2\/media?parent=5727"}],"wp:term":[{"taxonomy":"product_brand","embeddable":true,"href":"https:\/\/maabmakeup.com\/inicio-2\/wp-json\/wp\/v2\/product_brand?post=5727"},{"taxonomy":"product_cat","embeddable":true,"href":"https:\/\/maabmakeup.com\/inicio-2\/wp-json\/wp\/v2\/product_cat?post=5727"},{"taxonomy":"product_tag","embeddable":true,"href":"https:\/\/maabmakeup.com\/inicio-2\/wp-json\/wp\/v2\/product_tag?post=5727"}],"curies":[{"name":"wp","href":"https:\/\/api.w.org\/{rel}","templated":true}]}}