{"id":5738,"date":"2024-10-24T09:34:41","date_gmt":"2024-10-24T07:34:41","guid":{"rendered":"https:\/\/maabmakeup.es\/?post_type=product&#038;p=5738"},"modified":"2025-08-08T17:03:25","modified_gmt":"2025-08-08T15:03:25","slug":"empujador-para-manicura-con-mango-de-silicona-gummy-uniq-10-type-2-staleks-pq-10-2","status":"publish","type":"product","link":"https:\/\/maabmakeup.com\/inicio-2\/tienda\/accesorios\/empujador-para-manicura-con-mango-de-silicona-gummy-uniq-10-type-2-staleks-pq-10-2\/","title":{"rendered":"Empujador Para Manicura Con Mango De Silicona \u00abGummy\u00bb UNIQ 10 TYPE 2 Staleks PQ-10\/2"},"content":{"rendered":"<p>La caracter\u00edstica principal de los empujadores GUMMY es un mango de silicona, que proporciona un agarre fiable de la herramienta que permite al t\u00e9cnico trabajar de manera m\u00e1s eficiente y sin fatiga.<br \/>\nLa presencia de un mango de silicona hipoalerg\u00e9nica y una parte de trabajo met\u00e1lica hacen de este empujador una combinaci\u00f3n perfecta de comodidad y funcionalidad.<br \/>\nEl afilado manual profesional de las piezas de trabajo garantiza un trabajo preciso y profesional.<br \/>\nLa parte de trabajo, \u00abempujador inclinado\u00bb, se utiliza para levantar y empujar hacia atr\u00e1s una cut\u00edcula \u00e1spera y fuertemente pegada, limpiar el borde libre de la u\u00f1a, eliminar rayas de esmalte de gel.<br \/>\nForma \u00abpalito de metal naranja\u00bb.<br \/>\nLa parte de trabajo, \u00abempujador estrecho redondeado \u00bb est\u00e1 dise\u00f1ada para levantar y empujar hacia atr\u00e1s la cut\u00edcula; es conveniente para trabajar con una placa de u\u00f1as estrecha y media.<br \/>\nEl afilado manual profesional garantiza un trabajo preciso y exacto.<br \/>\nEl acero inoxidable de alta aleaci\u00f3n garantiza una larga vida \u00fatil y resistencia a la corrosi\u00f3n.<br \/>\nLas piezas de trabajo de acero y silicona son resistentes a la esterilizaci\u00f3n en horno de calor seco y autoclave sin p\u00e9rdida de calidad.<br \/>\nPuede someterse a desinfecci\u00f3n con agentes especiales.<br \/>\nRecomendada para manicura y pedicura.<\/p>\n","protected":false},"excerpt":{"rendered":"<p>La caracter\u00edstica principal de los empujadores GUMMY es un mango de silicona, que proporciona un agarre fiable de la herramienta<\/p>\n","protected":false},"featured_media":5739,"comment_status":"open","ping_status":"closed","template":"","meta":[],"product_brand":[212],"product_cat":[107],"product_tag":[],"class_list":{"0":"post-5738","1":"product","2":"type-product","3":"status-publish","4":"has-post-thumbnail","6":"product_brand-staleks-pro","7":"product_cat-accesorios","9":"first","10":"outofstock","11":"purchasable","12":"product-type-simple"},"_links":{"self":[{"href":"https:\/\/maabmakeup.com\/inicio-2\/wp-json\/wp\/v2\/product\/5738","targetHints":{"allow":["GET"]}}],"collection":[{"href":"https:\/\/maabmakeup.com\/inicio-2\/wp-json\/wp\/v2\/product"}],"about":[{"href":"https:\/\/maabmakeup.com\/inicio-2\/wp-json\/wp\/v2\/types\/product"}],"replies":[{"embeddable":true,"href":"https:\/\/maabmakeup.com\/inicio-2\/wp-json\/wp\/v2\/comments?post=5738"}],"wp:featuredmedia":[{"embeddable":true,"href":"https:\/\/maabmakeup.com\/inicio-2\/wp-json\/wp\/v2\/media\/5739"}],"wp:attachment":[{"href":"https:\/\/maabmakeup.com\/inicio-2\/wp-json\/wp\/v2\/media?parent=5738"}],"wp:term":[{"taxonomy":"product_brand","embeddable":true,"href":"https:\/\/maabmakeup.com\/inicio-2\/wp-json\/wp\/v2\/product_brand?post=5738"},{"taxonomy":"product_cat","embeddable":true,"href":"https:\/\/maabmakeup.com\/inicio-2\/wp-json\/wp\/v2\/product_cat?post=5738"},{"taxonomy":"product_tag","embeddable":true,"href":"https:\/\/maabmakeup.com\/inicio-2\/wp-json\/wp\/v2\/product_tag?post=5738"}],"curies":[{"name":"wp","href":"https:\/\/api.w.org\/{rel}","templated":true}]}}