{"id":5806,"date":"2024-12-03T13:01:23","date_gmt":"2024-12-03T12:01:23","guid":{"rendered":"https:\/\/maabmakeup.es\/?post_type=product&#038;p=5806"},"modified":"2025-08-08T17:11:56","modified_gmt":"2025-08-08T15:11:56","slug":"kit-aerografo-color-blanco-illusion-beauty-airpro","status":"publish","type":"product","link":"https:\/\/maabmakeup.com\/inicio-2\/tienda\/aparatologia-maquinaria\/kit-aerografo-color-blanco-illusion-beauty-airpro\/","title":{"rendered":"Kit aer\u00f3grafo color blanco illusion beauty airPRO"},"content":{"rendered":"<p> Aer\u00f3grafo doble acci\u00f3n y compresor IBairPRO para uso en manicura profesional.<\/p>\n<p> Compresor con bot\u00f3n t\u00e1ctil de 3 modos de potencia: 20psi (normal), 25psi (superguauu) y 30psi (hipermegaflipante).<\/p>\n<p> Deposito del aer\u00f3grafo de 3ml con tapadera, (prohibido ba\u00f1arse dentro).<\/p>\n<p> Boquilla y aguja del aer\u00f3grafo de 0,2mm, (la aguja la puedes usar para ganchillo si doblas la punta).<\/p>\n<p> Incluye pipeta y llave fija.<\/p>\n<p> M\u00e1ximo flujo de aire 10l\/min<\/p>\n<p> Adaptador de corriente de 12v.<\/p>\n<p> Usar \u00fanicamente con pinturas al agua aptas para aerograf\u00eda.<\/p>\n","protected":false},"excerpt":{"rendered":"<p>Aer\u00f3grafo doble acci\u00f3n y compresor IBairPRO para uso en manicura profesional. Compresor con bot\u00f3n t\u00e1ctil de 3 modos de potencia:<\/p>\n","protected":false},"featured_media":5807,"comment_status":"open","ping_status":"closed","template":"","meta":[],"product_brand":[186],"product_cat":[169],"product_tag":[],"class_list":{"0":"post-5806","1":"product","2":"type-product","3":"status-publish","4":"has-post-thumbnail","6":"product_brand-illusion-beauty","7":"product_cat-aparatologia-maquinaria","9":"first","10":"instock","11":"product-type-simple"},"_links":{"self":[{"href":"https:\/\/maabmakeup.com\/inicio-2\/wp-json\/wp\/v2\/product\/5806","targetHints":{"allow":["GET"]}}],"collection":[{"href":"https:\/\/maabmakeup.com\/inicio-2\/wp-json\/wp\/v2\/product"}],"about":[{"href":"https:\/\/maabmakeup.com\/inicio-2\/wp-json\/wp\/v2\/types\/product"}],"replies":[{"embeddable":true,"href":"https:\/\/maabmakeup.com\/inicio-2\/wp-json\/wp\/v2\/comments?post=5806"}],"wp:featuredmedia":[{"embeddable":true,"href":"https:\/\/maabmakeup.com\/inicio-2\/wp-json\/wp\/v2\/media\/5807"}],"wp:attachment":[{"href":"https:\/\/maabmakeup.com\/inicio-2\/wp-json\/wp\/v2\/media?parent=5806"}],"wp:term":[{"taxonomy":"product_brand","embeddable":true,"href":"https:\/\/maabmakeup.com\/inicio-2\/wp-json\/wp\/v2\/product_brand?post=5806"},{"taxonomy":"product_cat","embeddable":true,"href":"https:\/\/maabmakeup.com\/inicio-2\/wp-json\/wp\/v2\/product_cat?post=5806"},{"taxonomy":"product_tag","embeddable":true,"href":"https:\/\/maabmakeup.com\/inicio-2\/wp-json\/wp\/v2\/product_tag?post=5806"}],"curies":[{"name":"wp","href":"https:\/\/api.w.org\/{rel}","templated":true}]}}