{"id":5826,"date":"2024-12-05T10:13:14","date_gmt":"2024-12-05T09:13:14","guid":{"rendered":"https:\/\/maabmakeup.es\/?post_type=product&#038;p=5826"},"modified":"2025-06-30T17:37:12","modified_gmt":"2025-06-30T15:37:12","slug":"acrilico-cover-pink-700gr-illusion-beauty","status":"publish","type":"product","link":"https:\/\/maabmakeup.com\/inicio-2\/tienda\/constructores\/acrilico-constructores\/acrilico-cover-pink-700gr-illusion-beauty\/","title":{"rendered":"Acr\u00edlico Cover Pink 700gr \u00abillusion beauty\u00bb"},"content":{"rendered":"<p>Pol\u00edmero de r\u00e1pida fijaci\u00f3n, no se expande sobre la cut\u00edcula y de f\u00e1cil moldeado.<\/p>\n","protected":false},"excerpt":{"rendered":"<p>Pol\u00edmero de r\u00e1pida fijaci\u00f3n, no se expande sobre la cut\u00edcula y de f\u00e1cil moldeado.<\/p>\n","protected":false},"featured_media":5801,"comment_status":"open","ping_status":"closed","template":"","meta":[],"product_brand":[186],"product_cat":[227,226],"product_tag":[],"class_list":{"0":"post-5826","1":"product","2":"type-product","3":"status-publish","4":"has-post-thumbnail","6":"product_brand-illusion-beauty","7":"product_cat-acrilico-constructores","8":"product_cat-constructores","10":"first","11":"outofstock","12":"purchasable","13":"product-type-simple"},"_links":{"self":[{"href":"https:\/\/maabmakeup.com\/inicio-2\/wp-json\/wp\/v2\/product\/5826","targetHints":{"allow":["GET"]}}],"collection":[{"href":"https:\/\/maabmakeup.com\/inicio-2\/wp-json\/wp\/v2\/product"}],"about":[{"href":"https:\/\/maabmakeup.com\/inicio-2\/wp-json\/wp\/v2\/types\/product"}],"replies":[{"embeddable":true,"href":"https:\/\/maabmakeup.com\/inicio-2\/wp-json\/wp\/v2\/comments?post=5826"}],"wp:featuredmedia":[{"embeddable":true,"href":"https:\/\/maabmakeup.com\/inicio-2\/wp-json\/wp\/v2\/media\/5801"}],"wp:attachment":[{"href":"https:\/\/maabmakeup.com\/inicio-2\/wp-json\/wp\/v2\/media?parent=5826"}],"wp:term":[{"taxonomy":"product_brand","embeddable":true,"href":"https:\/\/maabmakeup.com\/inicio-2\/wp-json\/wp\/v2\/product_brand?post=5826"},{"taxonomy":"product_cat","embeddable":true,"href":"https:\/\/maabmakeup.com\/inicio-2\/wp-json\/wp\/v2\/product_cat?post=5826"},{"taxonomy":"product_tag","embeddable":true,"href":"https:\/\/maabmakeup.com\/inicio-2\/wp-json\/wp\/v2\/product_tag?post=5826"}],"curies":[{"name":"wp","href":"https:\/\/api.w.org\/{rel}","templated":true}]}}