{"id":5844,"date":"2024-12-17T10:44:06","date_gmt":"2024-12-17T09:44:06","guid":{"rendered":"https:\/\/maabmakeup.es\/?post_type=product&#038;p=5844"},"modified":"2025-08-08T17:10:49","modified_gmt":"2025-08-08T15:10:49","slug":"tips-for-nail-designer-forma-cuadrada-natural-hn","status":"publish","type":"product","link":"https:\/\/maabmakeup.com\/inicio-2\/tienda\/accesorios\/tips\/tips-for-nail-designer-forma-cuadrada-natural-hn\/","title":{"rendered":"TIPS FOR NAIL DESIGNER &#8211; FORMA CUADRADA NATURAL HN"},"content":{"rendered":"<p>Tips para pegar en la u\u00f1a natural y hacer extensi\u00f3n de u\u00f1as.<\/p>\n<p>100 unidades.<\/p>\n","protected":false},"excerpt":{"rendered":"<p>Tips para pegar en la u\u00f1a natural y hacer extensi\u00f3n de u\u00f1as. 100 unidades.<\/p>\n","protected":false},"featured_media":5845,"comment_status":"open","ping_status":"closed","template":"","meta":[],"product_brand":[237],"product_cat":[82],"product_tag":[],"class_list":{"0":"post-5844","1":"product","2":"type-product","3":"status-publish","4":"has-post-thumbnail","6":"product_brand-hn","7":"product_cat-tips","9":"first","10":"outofstock","11":"purchasable","12":"product-type-simple"},"_links":{"self":[{"href":"https:\/\/maabmakeup.com\/inicio-2\/wp-json\/wp\/v2\/product\/5844","targetHints":{"allow":["GET"]}}],"collection":[{"href":"https:\/\/maabmakeup.com\/inicio-2\/wp-json\/wp\/v2\/product"}],"about":[{"href":"https:\/\/maabmakeup.com\/inicio-2\/wp-json\/wp\/v2\/types\/product"}],"replies":[{"embeddable":true,"href":"https:\/\/maabmakeup.com\/inicio-2\/wp-json\/wp\/v2\/comments?post=5844"}],"wp:featuredmedia":[{"embeddable":true,"href":"https:\/\/maabmakeup.com\/inicio-2\/wp-json\/wp\/v2\/media\/5845"}],"wp:attachment":[{"href":"https:\/\/maabmakeup.com\/inicio-2\/wp-json\/wp\/v2\/media?parent=5844"}],"wp:term":[{"taxonomy":"product_brand","embeddable":true,"href":"https:\/\/maabmakeup.com\/inicio-2\/wp-json\/wp\/v2\/product_brand?post=5844"},{"taxonomy":"product_cat","embeddable":true,"href":"https:\/\/maabmakeup.com\/inicio-2\/wp-json\/wp\/v2\/product_cat?post=5844"},{"taxonomy":"product_tag","embeddable":true,"href":"https:\/\/maabmakeup.com\/inicio-2\/wp-json\/wp\/v2\/product_tag?post=5844"}],"curies":[{"name":"wp","href":"https:\/\/api.w.org\/{rel}","templated":true}]}}