{"id":5895,"date":"2025-01-14T11:10:55","date_gmt":"2025-01-14T10:10:55","guid":{"rendered":"https:\/\/maabmakeup.es\/?post_type=product&#038;p=5895"},"modified":"2025-08-08T17:07:31","modified_gmt":"2025-08-08T15:07:31","slug":"monomero-de-secado-rapido-illusion-beauty-250ml","status":"publish","type":"product","link":"https:\/\/maabmakeup.com\/inicio-2\/tienda\/liquidos\/monomero\/monomero-de-secado-rapido-illusion-beauty-250ml\/","title":{"rendered":"Mon\u00f3mero de Secado R\u00e1pido illusion beauty \u2013 250ml"},"content":{"rendered":"<p>Liquido acr\u00edlico de secado r\u00e1pido, bajo olor y no se amarillea.<\/p>\n<p>Usar en combinaci\u00f3n con los polvos acrilicos illusion beauty.<\/p>\n","protected":false},"excerpt":{"rendered":"<p>Liquido acr\u00edlico de secado r\u00e1pido, bajo olor y no se amarillea. Usar en combinaci\u00f3n con los polvos acrilicos illusion beauty.<\/p>\n","protected":false},"featured_media":5896,"comment_status":"open","ping_status":"closed","template":"","meta":[],"product_brand":[186],"product_cat":[67],"product_tag":[],"class_list":{"0":"post-5895","1":"product","2":"type-product","3":"status-publish","4":"has-post-thumbnail","6":"product_brand-illusion-beauty","7":"product_cat-monomero","9":"first","10":"outofstock","11":"purchasable","12":"product-type-simple"},"_links":{"self":[{"href":"https:\/\/maabmakeup.com\/inicio-2\/wp-json\/wp\/v2\/product\/5895","targetHints":{"allow":["GET"]}}],"collection":[{"href":"https:\/\/maabmakeup.com\/inicio-2\/wp-json\/wp\/v2\/product"}],"about":[{"href":"https:\/\/maabmakeup.com\/inicio-2\/wp-json\/wp\/v2\/types\/product"}],"replies":[{"embeddable":true,"href":"https:\/\/maabmakeup.com\/inicio-2\/wp-json\/wp\/v2\/comments?post=5895"}],"wp:featuredmedia":[{"embeddable":true,"href":"https:\/\/maabmakeup.com\/inicio-2\/wp-json\/wp\/v2\/media\/5896"}],"wp:attachment":[{"href":"https:\/\/maabmakeup.com\/inicio-2\/wp-json\/wp\/v2\/media?parent=5895"}],"wp:term":[{"taxonomy":"product_brand","embeddable":true,"href":"https:\/\/maabmakeup.com\/inicio-2\/wp-json\/wp\/v2\/product_brand?post=5895"},{"taxonomy":"product_cat","embeddable":true,"href":"https:\/\/maabmakeup.com\/inicio-2\/wp-json\/wp\/v2\/product_cat?post=5895"},{"taxonomy":"product_tag","embeddable":true,"href":"https:\/\/maabmakeup.com\/inicio-2\/wp-json\/wp\/v2\/product_tag?post=5895"}],"curies":[{"name":"wp","href":"https:\/\/api.w.org\/{rel}","templated":true}]}}