{"id":5897,"date":"2025-01-14T12:44:33","date_gmt":"2025-01-14T11:44:33","guid":{"rendered":"https:\/\/maabmakeup.es\/?post_type=product&#038;p=5897"},"modified":"2026-01-28T09:36:59","modified_gmt":"2026-01-28T08:36:59","slug":"cuticle-remover-eliminador-de-cuticulas-illusion-beauty-15ml","status":"publish","type":"product","link":"https:\/\/maabmakeup.com\/inicio-2\/tienda\/cuidado-de-las-unas\/removedor-cuticula\/cuticle-remover-eliminador-de-cuticulas-illusion-beauty-15ml\/","title":{"rendered":"Cuticle remover eliminador de cut\u00edculas illusion beauty \u2013 15ml"},"content":{"rendered":"<p>Eliminador de cut\u00edculas para retirar las cut\u00edculas de una manera f\u00e1cil y r\u00e1pida.<\/p>\n<p>Aplica sobre la cut\u00edcula con el pincel y deja actuar durante 60 segundos, suaviza las cut\u00edculas para que puedan empujarse hacia atr\u00e1s , f\u00e1cil y suavemente con un palito de madera y retirarse.<\/p>\n<p>La textura transparente y ligeramente lechosa es f\u00e1cil de aplicar con el pincel integrado. Despu\u00e9s, simplemente l\u00e1vate las manos y eso es todo: \u00a1una manicura perfecta!<\/p>\n","protected":false},"excerpt":{"rendered":"<p>Eliminador de cut\u00edculas para retirar las cut\u00edculas de una manera f\u00e1cil y r\u00e1pida. Aplica sobre la cut\u00edcula con el pincel<\/p>\n","protected":false},"featured_media":5898,"comment_status":"open","ping_status":"closed","template":"","meta":[],"product_brand":[186],"product_cat":[177],"product_tag":[],"class_list":{"0":"post-5897","1":"product","2":"type-product","3":"status-publish","4":"has-post-thumbnail","6":"product_brand-illusion-beauty","7":"product_cat-removedor-cuticula","9":"first","10":"outofstock","11":"purchasable","12":"product-type-simple"},"_links":{"self":[{"href":"https:\/\/maabmakeup.com\/inicio-2\/wp-json\/wp\/v2\/product\/5897","targetHints":{"allow":["GET"]}}],"collection":[{"href":"https:\/\/maabmakeup.com\/inicio-2\/wp-json\/wp\/v2\/product"}],"about":[{"href":"https:\/\/maabmakeup.com\/inicio-2\/wp-json\/wp\/v2\/types\/product"}],"replies":[{"embeddable":true,"href":"https:\/\/maabmakeup.com\/inicio-2\/wp-json\/wp\/v2\/comments?post=5897"}],"wp:featuredmedia":[{"embeddable":true,"href":"https:\/\/maabmakeup.com\/inicio-2\/wp-json\/wp\/v2\/media\/5898"}],"wp:attachment":[{"href":"https:\/\/maabmakeup.com\/inicio-2\/wp-json\/wp\/v2\/media?parent=5897"}],"wp:term":[{"taxonomy":"product_brand","embeddable":true,"href":"https:\/\/maabmakeup.com\/inicio-2\/wp-json\/wp\/v2\/product_brand?post=5897"},{"taxonomy":"product_cat","embeddable":true,"href":"https:\/\/maabmakeup.com\/inicio-2\/wp-json\/wp\/v2\/product_cat?post=5897"},{"taxonomy":"product_tag","embeddable":true,"href":"https:\/\/maabmakeup.com\/inicio-2\/wp-json\/wp\/v2\/product_tag?post=5897"}],"curies":[{"name":"wp","href":"https:\/\/api.w.org\/{rel}","templated":true}]}}