{"id":6006,"date":"2025-02-26T11:41:03","date_gmt":"2025-02-26T10:41:03","guid":{"rendered":"https:\/\/maabmakeup.es\/?post_type=product&#038;p=6006"},"modified":"2025-06-23T16:56:24","modified_gmt":"2025-06-23T14:56:24","slug":"set-hypo-barra-de-labios-hipoalergenica-melting-moisture-lipstick-02","status":"publish","type":"product","link":"https:\/\/maabmakeup.com\/inicio-2\/tienda\/maquillaje\/set-hypo-barra-de-labios-hipoalergenica-melting-moisture-lipstick-02\/","title":{"rendered":"Set HYPO Barra de labios hipoalerg\u00e9nica Melting Moisture lipstick 02"},"content":{"rendered":"<p>Set HYPO Barra de labios hipoalerg\u00e9nica Melting Moisture, compuesto por:- 4 uds. Barra de labios hipoalerg\u00e9nica Melting Moisture, tono 02 &#8211; Mocha Beige<\/p>\n","protected":false},"excerpt":{"rendered":"<p>Set HYPO Barra de labios hipoalerg\u00e9nica Melting Moisture, compuesto por:- 4 uds. Barra de labios hipoalerg\u00e9nica Melting Moisture, tono 02<\/p>\n","protected":false},"featured_media":6007,"comment_status":"open","ping_status":"closed","template":"","meta":[],"product_brand":[],"product_cat":[179],"product_tag":[],"class_list":{"0":"post-6006","1":"product","2":"type-product","3":"status-publish","4":"has-post-thumbnail","6":"product_cat-maquillaje","8":"first","9":"instock","10":"purchasable","11":"product-type-simple"},"_links":{"self":[{"href":"https:\/\/maabmakeup.com\/inicio-2\/wp-json\/wp\/v2\/product\/6006","targetHints":{"allow":["GET"]}}],"collection":[{"href":"https:\/\/maabmakeup.com\/inicio-2\/wp-json\/wp\/v2\/product"}],"about":[{"href":"https:\/\/maabmakeup.com\/inicio-2\/wp-json\/wp\/v2\/types\/product"}],"replies":[{"embeddable":true,"href":"https:\/\/maabmakeup.com\/inicio-2\/wp-json\/wp\/v2\/comments?post=6006"}],"wp:featuredmedia":[{"embeddable":true,"href":"https:\/\/maabmakeup.com\/inicio-2\/wp-json\/wp\/v2\/media\/6007"}],"wp:attachment":[{"href":"https:\/\/maabmakeup.com\/inicio-2\/wp-json\/wp\/v2\/media?parent=6006"}],"wp:term":[{"taxonomy":"product_brand","embeddable":true,"href":"https:\/\/maabmakeup.com\/inicio-2\/wp-json\/wp\/v2\/product_brand?post=6006"},{"taxonomy":"product_cat","embeddable":true,"href":"https:\/\/maabmakeup.com\/inicio-2\/wp-json\/wp\/v2\/product_cat?post=6006"},{"taxonomy":"product_tag","embeddable":true,"href":"https:\/\/maabmakeup.com\/inicio-2\/wp-json\/wp\/v2\/product_tag?post=6006"}],"curies":[{"name":"wp","href":"https:\/\/api.w.org\/{rel}","templated":true}]}}