{"id":6012,"date":"2025-02-26T11:56:17","date_gmt":"2025-02-26T10:56:17","guid":{"rendered":"https:\/\/maabmakeup.es\/?post_type=product&#038;p=6012"},"modified":"2025-08-08T17:19:16","modified_gmt":"2025-08-08T15:19:16","slug":"set-hypo-barra-de-labios-hipoalergenica-melting-moisture-lipstick-06","status":"publish","type":"product","link":"https:\/\/maabmakeup.com\/inicio-2\/tienda\/maquillaje\/set-hypo-barra-de-labios-hipoalergenica-melting-moisture-lipstick-06\/","title":{"rendered":"Set HYPO Barra de labios hipoalerg\u00e9nica Melting Moisture lipstick 06"},"content":{"rendered":"<p>Set HYPO Barra de labios hipoalerg\u00e9nica Melting Moisture, compuesto por:- 4 uds. Barra de labios hipoalerg\u00e9nica Melting Moisture, tono 06 &#8211; Mauve Pink<\/p>\n","protected":false},"excerpt":{"rendered":"<p>Set HYPO Barra de labios hipoalerg\u00e9nica Melting Moisture, compuesto por:- 4 uds. Barra de labios hipoalerg\u00e9nica Melting Moisture, tono 06<\/p>\n","protected":false},"featured_media":6005,"comment_status":"open","ping_status":"closed","template":"","meta":[],"product_brand":[218],"product_cat":[179],"product_tag":[],"class_list":{"0":"post-6012","1":"product","2":"type-product","3":"status-publish","4":"has-post-thumbnail","6":"product_brand-bell","7":"product_cat-maquillaje","9":"first","10":"instock","11":"purchasable","12":"product-type-simple"},"_links":{"self":[{"href":"https:\/\/maabmakeup.com\/inicio-2\/wp-json\/wp\/v2\/product\/6012","targetHints":{"allow":["GET"]}}],"collection":[{"href":"https:\/\/maabmakeup.com\/inicio-2\/wp-json\/wp\/v2\/product"}],"about":[{"href":"https:\/\/maabmakeup.com\/inicio-2\/wp-json\/wp\/v2\/types\/product"}],"replies":[{"embeddable":true,"href":"https:\/\/maabmakeup.com\/inicio-2\/wp-json\/wp\/v2\/comments?post=6012"}],"wp:featuredmedia":[{"embeddable":true,"href":"https:\/\/maabmakeup.com\/inicio-2\/wp-json\/wp\/v2\/media\/6005"}],"wp:attachment":[{"href":"https:\/\/maabmakeup.com\/inicio-2\/wp-json\/wp\/v2\/media?parent=6012"}],"wp:term":[{"taxonomy":"product_brand","embeddable":true,"href":"https:\/\/maabmakeup.com\/inicio-2\/wp-json\/wp\/v2\/product_brand?post=6012"},{"taxonomy":"product_cat","embeddable":true,"href":"https:\/\/maabmakeup.com\/inicio-2\/wp-json\/wp\/v2\/product_cat?post=6012"},{"taxonomy":"product_tag","embeddable":true,"href":"https:\/\/maabmakeup.com\/inicio-2\/wp-json\/wp\/v2\/product_tag?post=6012"}],"curies":[{"name":"wp","href":"https:\/\/api.w.org\/{rel}","templated":true}]}}