{"id":6028,"date":"2025-02-26T17:04:20","date_gmt":"2025-02-26T16:04:20","guid":{"rendered":"https:\/\/maabmakeup.es\/?post_type=product&#038;p=6028"},"modified":"2026-02-09T18:12:25","modified_gmt":"2026-02-09T17:12:25","slug":"inicio-master-manicura","status":"publish","type":"product","link":"https:\/\/maabmakeup.com\/inicio-2\/tienda\/cursos\/inicio-master-manicura\/","title":{"rendered":"Curso Manicura Perfecta (II Nivel)"},"content":{"rendered":"<p>Perfecciona tu Arte y Lleva tus T\u00e9cnicas al Siguiente Nivel.<\/p>\n<p>Este curso avanzado est\u00e1 dise\u00f1ado para profesionales de la manicura que ya dominan el uso del torno y buscan perfeccionar sus habilidades con soluciones pr\u00e1cticas, efectivas y enfocadas en el trabajo de sal\u00f3n.<\/p>\n<p>En Manicura Fusi\u00f3n II Nivel, aprender\u00e1s:<br \/>\n&#8211; T\u00e9cnicas avanzadas para una manicura impecable: Cut\u00edculas limpias, brillantes, perfectamente redondeadas y SALUDABLES.<br \/>\n&#8211; Refuerzo previo a la nivelaci\u00f3n: Identifica cu\u00e1ndo y c\u00f3mo aplicarlo para garantizar un resultado duradero.<br \/>\n-Reparaci\u00f3n de grietas: M\u00e9todos eficientes para solucionar problemas comunes sin comprometer la est\u00e9tica ni la resistencia.<br \/>\n-Extensiones perfectas: Aprende a extender una sola u\u00f1a respetando la simetr\u00eda y armon\u00eda del resto, o a crear 10 u\u00f1as desde cero con precisi\u00f3n profesional.<br \/>\n-T\u00e9cnicas h\u00edbridas: Combinaci\u00f3n de productos y m\u00e9todos para lograr acabados excepcionales y personalizados.<\/p>\n<p>\u00bfEst\u00e1s listo para perfeccionar tus habilidades y destacar en el mundo de la manicura?<\/p>\n<p>* 1 d\u00eda<\/p>\n<p>* Horario: 9:30h a 18:30h<\/p>\n<p>*Precio: 247\u20ac<\/p>\n<p>Lugar: C\/ Cabo Noval, 6 local 1. Academia MAAB Make up. MELILLA<\/p>\n<p>SOLO TIENES QUE TRAER:<br \/>\nTorno<br \/>\nPincel liner<br \/>\nY muchas ganas de aprender!<\/p>\n<p>Para reservar tu plaza podemos indicarte las condiciones y posibilidades dd pago! Una vez hecho el pago, MUY IMPORTANTE, dejarme escrito por aqu\u00ed tu nombre y apellidos para el t\u00edtulo!!!<\/p>\n","protected":false},"excerpt":{"rendered":"<p>Perfecciona tu Arte y Lleva tus T\u00e9cnicas al Siguiente Nivel. Este curso avanzado est\u00e1 dise\u00f1ado para profesionales de la manicura<\/p>\n","protected":false},"featured_media":7894,"comment_status":"open","ping_status":"closed","template":"","meta":[],"product_brand":[],"product_cat":[138],"product_tag":[],"class_list":{"0":"post-6028","1":"product","2":"type-product","3":"status-publish","4":"has-post-thumbnail","6":"product_cat-cursos","8":"first","9":"instock","10":"purchasable","11":"product-type-simple"},"_links":{"self":[{"href":"https:\/\/maabmakeup.com\/inicio-2\/wp-json\/wp\/v2\/product\/6028","targetHints":{"allow":["GET"]}}],"collection":[{"href":"https:\/\/maabmakeup.com\/inicio-2\/wp-json\/wp\/v2\/product"}],"about":[{"href":"https:\/\/maabmakeup.com\/inicio-2\/wp-json\/wp\/v2\/types\/product"}],"replies":[{"embeddable":true,"href":"https:\/\/maabmakeup.com\/inicio-2\/wp-json\/wp\/v2\/comments?post=6028"}],"wp:featuredmedia":[{"embeddable":true,"href":"https:\/\/maabmakeup.com\/inicio-2\/wp-json\/wp\/v2\/media\/7894"}],"wp:attachment":[{"href":"https:\/\/maabmakeup.com\/inicio-2\/wp-json\/wp\/v2\/media?parent=6028"}],"wp:term":[{"taxonomy":"product_brand","embeddable":true,"href":"https:\/\/maabmakeup.com\/inicio-2\/wp-json\/wp\/v2\/product_brand?post=6028"},{"taxonomy":"product_cat","embeddable":true,"href":"https:\/\/maabmakeup.com\/inicio-2\/wp-json\/wp\/v2\/product_cat?post=6028"},{"taxonomy":"product_tag","embeddable":true,"href":"https:\/\/maabmakeup.com\/inicio-2\/wp-json\/wp\/v2\/product_tag?post=6028"}],"curies":[{"name":"wp","href":"https:\/\/api.w.org\/{rel}","templated":true}]}}