{"id":6030,"date":"2025-02-26T17:16:25","date_gmt":"2025-02-26T16:16:25","guid":{"rendered":"https:\/\/maabmakeup.es\/?post_type=product&#038;p=6030"},"modified":"2025-08-08T17:17:04","modified_gmt":"2025-08-08T15:17:04","slug":"hypo-prebase-de-maquillaje-hipoalergenica-fruit-cocktail","status":"publish","type":"product","link":"https:\/\/maabmakeup.com\/inicio-2\/tienda\/maquillaje\/hypo-prebase-de-maquillaje-hipoalergenica-fruit-cocktail\/","title":{"rendered":"HYPO Prebase de maquillaje hipoalerg\u00e9nica Fruit Cocktail"},"content":{"rendered":"<p>Prebase de maquillaje de frutas hipoalerg\u00e9nica<\/p>\n<p>Estimulando los sentidos, este c\u00f3ctel de frutas es ideal como prebase de maquillaje gracias a su consistencia ligera y de r\u00e1pida absorci\u00f3n.<\/p>\n<p>El producto se extiende f\u00e1cilmente y no deja una sensaci\u00f3n pegajosa. La refrescante f\u00f3rmula vegana contiene agua de coco, que es una fuente de amino\u00e1cidos, fitonutrientes y citoquininas (hormonas vegetales), que muestran propiedades antienvejecimiento.<\/p>\n<p>Junto con la glicerina, aseguran una intensa hidrataci\u00f3n de la piel.<\/p>\n<p>El zumo de pepino contenido en la composici\u00f3n mejora el aspecto de la piel, la nutre y tiene propiedades calmantes y reconfortantes.<\/p>\n<p>Los extractos de sand\u00eda y lichi, el aceite de girasol y el zumo de pepino, gracias a sus propiedades antioxidantes, refuerzan la barrera protectora de la piel, protegi\u00e9ndola de los factores externos nocivos.<\/p>\n<p>Producto apto para veganos con una formulaci\u00f3n desarrollada en l\u00ednea con la tendencia Clean Beauty.<\/p>\n<p>Certificado por PETA.<\/p>\n<p>Contiene un 96% de ingredientes de origen natural.<\/p>\n<p>No contiene micropl\u00e1sticos.<\/p>\n<p>Testado bajo supervisi\u00f3n de dermat\u00f3logo.<\/p>\n<p>Modo de empleo: aplicar una peque\u00f1a cantidad de producto con el dedo o con una brocha desde el centro del rostro hacia la parte exterior del rostro.<\/p>\n","protected":false},"excerpt":{"rendered":"<p>Prebase de maquillaje de frutas hipoalerg\u00e9nica Estimulando los sentidos, este c\u00f3ctel de frutas es ideal como prebase de maquillaje gracias<\/p>\n","protected":false},"featured_media":6031,"comment_status":"open","ping_status":"closed","template":"","meta":[],"product_brand":[218],"product_cat":[179],"product_tag":[],"class_list":{"0":"post-6030","1":"product","2":"type-product","3":"status-publish","4":"has-post-thumbnail","6":"product_brand-bell","7":"product_cat-maquillaje","9":"first","10":"instock","11":"purchasable","12":"product-type-simple"},"_links":{"self":[{"href":"https:\/\/maabmakeup.com\/inicio-2\/wp-json\/wp\/v2\/product\/6030","targetHints":{"allow":["GET"]}}],"collection":[{"href":"https:\/\/maabmakeup.com\/inicio-2\/wp-json\/wp\/v2\/product"}],"about":[{"href":"https:\/\/maabmakeup.com\/inicio-2\/wp-json\/wp\/v2\/types\/product"}],"replies":[{"embeddable":true,"href":"https:\/\/maabmakeup.com\/inicio-2\/wp-json\/wp\/v2\/comments?post=6030"}],"wp:featuredmedia":[{"embeddable":true,"href":"https:\/\/maabmakeup.com\/inicio-2\/wp-json\/wp\/v2\/media\/6031"}],"wp:attachment":[{"href":"https:\/\/maabmakeup.com\/inicio-2\/wp-json\/wp\/v2\/media?parent=6030"}],"wp:term":[{"taxonomy":"product_brand","embeddable":true,"href":"https:\/\/maabmakeup.com\/inicio-2\/wp-json\/wp\/v2\/product_brand?post=6030"},{"taxonomy":"product_cat","embeddable":true,"href":"https:\/\/maabmakeup.com\/inicio-2\/wp-json\/wp\/v2\/product_cat?post=6030"},{"taxonomy":"product_tag","embeddable":true,"href":"https:\/\/maabmakeup.com\/inicio-2\/wp-json\/wp\/v2\/product_tag?post=6030"}],"curies":[{"name":"wp","href":"https:\/\/api.w.org\/{rel}","templated":true}]}}