{"id":6033,"date":"2025-02-26T17:54:54","date_gmt":"2025-02-26T16:54:54","guid":{"rendered":"https:\/\/maabmakeup.es\/?post_type=product&#038;p=6033"},"modified":"2025-08-08T17:16:55","modified_gmt":"2025-08-08T15:16:55","slug":"hypo-aceite-iluminador-hipoalergenico-para-rostro-glow-oil","status":"publish","type":"product","link":"https:\/\/maabmakeup.com\/inicio-2\/tienda\/maquillaje\/hypo-aceite-iluminador-hipoalergenico-para-rostro-glow-oil\/","title":{"rendered":"HYPO Aceite iluminador hipoalerg\u00e9nico para rostro Glow Oil"},"content":{"rendered":"<p>Aceite facial iluminador de frutas hipoalerg\u00e9nico<\/p>\n<p>Este aceite facial vegano a base de frutas es perfecto tanto como prebase de maquillaje o como elixir independiente para resaltar la belleza natural de todo tipo de pieles.<\/p>\n<p>El producto proporciona una sutil iluminaci\u00f3n que hace que la piel parezca descansada, radiante y saludable.<\/p>\n<p>Su textura excepcionalmente ligera y de f\u00e1cil absorci\u00f3n se extiende suavemente y deja un efecto indetectable y confortable.<\/p>\n<p>La f\u00f3rmula contiene aceite de arg\u00e1n, el llamado oro l\u00edquido de Marruecos, que tiene un efecto antienvejecimiento y, junto con el aceite de albaricoque, reduce la p\u00e9rdida de agua a trav\u00e9s de la epidermis, suaviza, nutre y mejora la flexibilidad de la piel.<\/p>\n<p>El extracto de sand\u00eda y el aceite de girasol, gracias a sus propiedades antioxidantes, refuerzan la barrera protectora de la piel, garantizando su seguridad frente a los factores externos nocivos.<\/p>\n<p>Producto apto para veganos, formulado en l\u00ednea con la tendencia Clean Beauty.<\/p>\n<p>Certificado por PETA.<\/p>\n<p>Contiene un 95% de ingredientes de origen natural.<\/p>\n<p>No contiene micropl\u00e1sticos.<\/p>\n<p>Testado bajo la supervisi\u00f3n de un dermat\u00f3logo.<\/p>\n<p>Modo de empleo: extender una peque\u00f1a cantidad de producto con el dedo o con una brocha desde el centro del rostro hacia la parte exterior del rostro. Utilizar de forma independiente o como prebase de maquillaje.<\/p>\n","protected":false},"excerpt":{"rendered":"<p>Aceite facial iluminador de frutas hipoalerg\u00e9nico Este aceite facial vegano a base de frutas es perfecto tanto como prebase de<\/p>\n","protected":false},"featured_media":6034,"comment_status":"open","ping_status":"closed","template":"","meta":[],"product_brand":[218],"product_cat":[179],"product_tag":[],"class_list":{"0":"post-6033","1":"product","2":"type-product","3":"status-publish","4":"has-post-thumbnail","6":"product_brand-bell","7":"product_cat-maquillaje","9":"first","10":"instock","11":"purchasable","12":"product-type-simple"},"_links":{"self":[{"href":"https:\/\/maabmakeup.com\/inicio-2\/wp-json\/wp\/v2\/product\/6033","targetHints":{"allow":["GET"]}}],"collection":[{"href":"https:\/\/maabmakeup.com\/inicio-2\/wp-json\/wp\/v2\/product"}],"about":[{"href":"https:\/\/maabmakeup.com\/inicio-2\/wp-json\/wp\/v2\/types\/product"}],"replies":[{"embeddable":true,"href":"https:\/\/maabmakeup.com\/inicio-2\/wp-json\/wp\/v2\/comments?post=6033"}],"wp:featuredmedia":[{"embeddable":true,"href":"https:\/\/maabmakeup.com\/inicio-2\/wp-json\/wp\/v2\/media\/6034"}],"wp:attachment":[{"href":"https:\/\/maabmakeup.com\/inicio-2\/wp-json\/wp\/v2\/media?parent=6033"}],"wp:term":[{"taxonomy":"product_brand","embeddable":true,"href":"https:\/\/maabmakeup.com\/inicio-2\/wp-json\/wp\/v2\/product_brand?post=6033"},{"taxonomy":"product_cat","embeddable":true,"href":"https:\/\/maabmakeup.com\/inicio-2\/wp-json\/wp\/v2\/product_cat?post=6033"},{"taxonomy":"product_tag","embeddable":true,"href":"https:\/\/maabmakeup.com\/inicio-2\/wp-json\/wp\/v2\/product_tag?post=6033"}],"curies":[{"name":"wp","href":"https:\/\/api.w.org\/{rel}","templated":true}]}}